{"id":15406,"date":"2024-01-19T12:24:47","date_gmt":"2024-01-19T12:24:47","guid":{"rendered":"https:\/\/ahporticcioli.com\/?page_id=15406"},"modified":"2025-07-30T12:27:56","modified_gmt":"2025-07-30T12:27:56","slug":"cosa-fare-sul-lago-di-garda","status":"publish","type":"page","link":"https:\/\/ahporticcioli.com\/it\/cosa-fare-sul-lago-di-garda\/","title":{"rendered":"Cosa fare sul lago di Garda"},"content":{"rendered":"\t\t<div data-elementor-type=\"wp-page\" data-elementor-id=\"15406\" class=\"elementor elementor-15406\" data-elementor-post-type=\"page\">\n\t\t\t\t\t\t<div class=\"elementor-section elementor-top-section elementor-element elementor-element-efe3b06 elementor-section-stretched elementor-section-height-min-height elementor-section-boxed elementor-section-height-default elementor-section-items-middle qodef-elementor-content-no\" data-id=\"efe3b06\" data-element_type=\"section\" data-settings=\"{&quot;stretch_section&quot;:&quot;section-stretched&quot;,&quot;background_background&quot;:&quot;classic&quot;}\">\n\t\t\t\t\t\t\t<div class=\"elementor-background-overlay\"><\/div>\n\t\t\t\t\t\t\t<div class=\"elementor-container elementor-column-gap-no\">\n\t\t\t\t\t<div class=\"elementor-column elementor-col-100 elementor-top-column elementor-element elementor-element-f305bb3\" data-id=\"f305bb3\" data-element_type=\"column\">\n\t\t\t<div class=\"elementor-widget-wrap\">\n\t\t\t\t\t\t\t<\/div>\n\t\t<\/div>\n\t\t\t\t\t<\/div>\n\t\t<\/div>\n\t\t\t\t<section class=\"elementor-section elementor-top-section elementor-element elementor-element-06bc5cb elementor-section-boxed elementor-section-height-default elementor-section-height-default qodef-elementor-content-no\" data-id=\"06bc5cb\" data-element_type=\"section\">\n\t\t\t\t\t\t<div class=\"elementor-container elementor-column-gap-default\">\n\t\t\t\t\t<div class=\"elementor-column elementor-col-100 elementor-top-column elementor-element elementor-element-be6bd7d\" data-id=\"be6bd7d\" data-element_type=\"column\">\n\t\t\t<div class=\"elementor-widget-wrap elementor-element-populated\">\n\t\t\t\t\t\t<div class=\"elementor-element elementor-element-e28c2fe elementor-widget elementor-widget-image\" data-id=\"e28c2fe\" data-element_type=\"widget\" data-widget_type=\"image.default\">\n\t\t\t\t<div class=\"elementor-widget-container\">\n\t\t\t<style>\/*! elementor - v3.19.0 - 29-01-2024 *\/\n.elementor-widget-image{text-align:center}.elementor-widget-image a{display:inline-block}.elementor-widget-image a img[src$=\".svg\"]{width:48px}.elementor-widget-image img{vertical-align:middle;display:inline-block}<\/style>\t\t\t\t\t\t\t\t\t\t<img decoding=\"async\" width=\"40\" height=\"18\" src=\"https:\/\/ahporticcioli.com\/wp-content\/uploads\/2021\/04\/logo-ah.png\" class=\"attachment-large size-large wp-image-2727\" alt=\"\" \/>\t\t\t\t\t\t\t\t\t\t\t\t\t<\/div>\n\t\t\t\t<\/div>\n\t\t\t\t<div class=\"elementor-element elementor-element-5331994 elementor-widget elementor-widget-heading\" data-id=\"5331994\" data-element_type=\"widget\" data-widget_type=\"heading.default\">\n\t\t\t\t<div class=\"elementor-widget-container\">\n\t\t\t<style>\/*! elementor - v3.19.0 - 29-01-2024 *\/\n.elementor-heading-title{padding:0;margin:0;line-height:1}.elementor-widget-heading .elementor-heading-title[class*=elementor-size-]>a{color:inherit;font-size:inherit;line-height:inherit}.elementor-widget-heading .elementor-heading-title.elementor-size-small{font-size:15px}.elementor-widget-heading .elementor-heading-title.elementor-size-medium{font-size:19px}.elementor-widget-heading .elementor-heading-title.elementor-size-large{font-size:29px}.elementor-widget-heading .elementor-heading-title.elementor-size-xl{font-size:39px}.elementor-widget-heading .elementor-heading-title.elementor-size-xxl{font-size:59px}<\/style><h2 class=\"elementor-heading-title elementor-size-default\">Cosa fare sul Lago di Garda<\/h2>\t\t<\/div>\n\t\t\t\t<\/div>\n\t\t\t\t<div class=\"elementor-element elementor-element-6615b30 elementor-widget elementor-widget-text-editor\" data-id=\"6615b30\" data-element_type=\"widget\" data-widget_type=\"text-editor.default\">\n\t\t\t\t<div class=\"elementor-widget-container\">\n\t\t\t<style>\/*! elementor - v3.19.0 - 29-01-2024 *\/\n.elementor-widget-text-editor.elementor-drop-cap-view-stacked .elementor-drop-cap{background-color:#69727d;color:#fff}.elementor-widget-text-editor.elementor-drop-cap-view-framed .elementor-drop-cap{color:#69727d;border:3px solid;background-color:transparent}.elementor-widget-text-editor:not(.elementor-drop-cap-view-default) .elementor-drop-cap{margin-top:8px}.elementor-widget-text-editor:not(.elementor-drop-cap-view-default) .elementor-drop-cap-letter{width:1em;height:1em}.elementor-widget-text-editor .elementor-drop-cap{float:left;text-align:center;line-height:1;font-size:50px}.elementor-widget-text-editor .elementor-drop-cap-letter{display:inline-block}<\/style>\t\t\t\t<p style=\"text-align: center;\">Una meraviglia a filo d\u2019acqua<\/p>\t\t\t\t\t\t<\/div>\n\t\t\t\t<\/div>\n\t\t\t\t<div class=\"elementor-element elementor-element-2d9bdf1 elementor-widget elementor-widget-qi_addons_for_elementor_separator\" data-id=\"2d9bdf1\" data-element_type=\"widget\" data-widget_type=\"qi_addons_for_elementor_separator.default\">\n\t\t\t\t<div class=\"elementor-widget-container\">\n\t\t\t<div class=\"qodef-shortcode qodef-m  qodef-qi-separator qodef-qi-clear qodef-separator--standard qodef-position--center\">\n\t<div class=\"qodef-m-line\"><\/div>\n<\/div>\n\t\t<\/div>\n\t\t\t\t<\/div>\n\t\t\t\t<div class=\"elementor-element elementor-element-3d9e7b6 elementor-widget elementor-widget-text-editor\" data-id=\"3d9e7b6\" data-element_type=\"widget\" data-widget_type=\"text-editor.default\">\n\t\t\t\t<div class=\"elementor-widget-container\">\n\t\t\t\t\t\t\t<p>Il lago di Garda \u00e8 un mosaico di bellezza composto da tantissimi luoghi unici, tutti da scoprire.<\/p><p>Natura, arte, storia, cultura, vino e buona tavola. Non manca nulla per rendere ogni giorno una scoperta unica!<\/p>\t\t\t\t\t\t<\/div>\n\t\t\t\t<\/div>\n\t\t\t\t\t<\/div>\n\t\t<\/div>\n\t\t\t\t\t<\/div>\n\t\t<\/section>\n\t\t\t\t<section class=\"elementor-section elementor-top-section elementor-element elementor-element-400f2e9 elementor-section-boxed elementor-section-height-default elementor-section-height-default qodef-elementor-content-no\" data-id=\"400f2e9\" data-element_type=\"section\">\n\t\t\t\t\t\t<div class=\"elementor-container elementor-column-gap-default\">\n\t\t\t\t\t<div class=\"elementor-column elementor-col-100 elementor-top-column elementor-element elementor-element-e30dad2\" data-id=\"e30dad2\" data-element_type=\"column\">\n\t\t\t<div class=\"elementor-widget-wrap elementor-element-populated\">\n\t\t\t\t\t\t<div class=\"elementor-element elementor-element-6141598 elementor-widget elementor-widget-alloggio_core_centered_slider\" data-id=\"6141598\" data-element_type=\"widget\" data-widget_type=\"alloggio_core_centered_slider.default\">\n\t\t\t\t<div class=\"elementor-widget-container\">\n\t\t\t<div class=\"qodef-shortcode qodef-m  qodef-centered-slider qodef-swiper-container  qodef--has-title\" data-options=\"{&quot;slidesPerView&quot;:&quot;auto&quot;,&quot;slidesPerView1440&quot;:&quot;auto&quot;,&quot;slidesPerView1366&quot;:&quot;auto&quot;,&quot;slidesPerView1024&quot;:&quot;auto&quot;,&quot;slidesPerView768&quot;:&quot;1&quot;,&quot;centeredSlides&quot;:&quot;true&quot;}\">\n\t<div class=\"swiper-wrapper\">\n\t\t\t\t\t<div class=\"qodef-m-item swiper-slide\">\n\t\t\t\t\t\t\t\t\t<a href=\"https:\/\/gardalombardia.com\/it\/vacanza\/sport\/golf\" target=\"_blank\">\n\t\t\t\t\t\t\t\t\t<div class=\"qodef-m-image-holder\"><div class=\"qodef-m-image\">\n\t\t\t\t\t\t<img decoding=\"async\" src=\"https:\/\/ahporticcioli.com\/wp-content\/uploads\/2025\/07\/sport-acqua.jpg\" alt=\"\"\/>\n\t\t\t\t\t<\/div><\/div>\n\t\t\t\t\t\t\t\t\t<\/a>\n\t\t\t\t\t\t\t\t\t\t\t\t\t<h3 class=\"qodef-m-title\">Sport d'acqua<\/h3>\n\t\t\t\t\t\t\t\t\t\t\t\t\t<span class=\"qodef-m-subtitle\">Il lago di Garda \u00e8 noto per gli sport acquatici, in primis la vela con le importanti regate che ogni anno si svolgono nelle acque benacensi, ma anche wakeboard (sci d'acqua), kitesurf, windsurf, canoa, snorkeling, senza dimenticare lo sport acquatico pi\u00f9 in voga del momento: lo stand up paddling (SUP).<\/span>\n\t\t\t\t\t\t\t<\/div>\n\t\t\t\t\t<div class=\"qodef-m-item swiper-slide\">\n\t\t\t\t\t\t\t\t\t<a href=\"https:\/\/gardalombardia.com\/it\/vacanza\/sport\/golf\" target=\"_blank\">\n\t\t\t\t\t\t\t\t\t<div class=\"qodef-m-image-holder\"><div class=\"qodef-m-image\">\n\t\t\t\t\t\t<img decoding=\"async\" src=\"https:\/\/ahporticcioli.com\/wp-content\/uploads\/2025\/07\/golf.jpg\" alt=\"\"\/>\n\t\t\t\t\t<\/div><\/div>\n\t\t\t\t\t\t\t\t\t<\/a>\n\t\t\t\t\t\t\t\t\t\t\t\t\t<h3 class=\"qodef-m-title\">Golf sul Garda<\/h3>\n\t\t\t\t\t\t\t\t\t\t\t\t\t<span class=\"qodef-m-subtitle\">Gardagolf, Arzaga Golf Club, Il Colombaro e Bogliaco Golf Resort: 4 campi prestigiosi per 4 location mozzafiato.<\/span>\n\t\t\t\t\t\t\t<\/div>\n\t\t\t\t\t<div class=\"qodef-m-item swiper-slide\">\n\t\t\t\t\t\t\t\t\t<a href=\"https:\/\/casadelvinovaltenesi.it\/\" target=\"_blank\">\n\t\t\t\t\t\t\t\t\t<div class=\"qodef-m-image-holder\"><div class=\"qodef-m-image\">\n\t\t\t\t\t\t<img decoding=\"async\" src=\"https:\/\/ahporticcioli.com\/wp-content\/uploads\/2021\/04\/vino.jpg\" alt=\"\"\/>\n\t\t\t\t\t<\/div><\/div>\n\t\t\t\t\t\t\t\t\t<\/a>\n\t\t\t\t\t\t\t\t\t\t\t\t\t<h3 class=\"qodef-m-title\">La via del vino<\/h3>\n\t\t\t\t\t\t\t\t\t\t\t\t\t<span class=\"qodef-m-subtitle\">La zona del Garda e le valli vicine sono celebri per la produzione di vini di qualit\u00e0 esportati in tutto il mondo. Un tour delle cantine pi\u00f9 prestigiose \u00e8 il modo ideale per apprezzarli e conoscere le ricche tradizioni gastronomiche locali.<\/span>\n\t\t\t\t\t\t\t<\/div>\n\t\t\t\t\t<div class=\"qodef-m-item swiper-slide\">\n\t\t\t\t\t\t\t\t\t<div class=\"qodef-m-image-holder\"><div class=\"qodef-m-image\">\n\t\t\t\t\t\t<img decoding=\"async\" src=\"https:\/\/ahporticcioli.com\/wp-content\/uploads\/2021\/04\/sirmione.jpg\" alt=\"\"\/>\n\t\t\t\t\t<\/div><\/div>\n\t\t\t\t\t\t\t\t\t\t\t\t\t<h3 class=\"qodef-m-title\">Sirmione<\/h3>\n\t\t\t\t\t\t\t\t\t\t\t\t\t<span class=\"qodef-m-subtitle\">La perla del lago di Garda, famosa per l\u2019antico centro storico, la Rocca, le Grotte di Catullo e il celebre centro termale.<\/span>\n\t\t\t\t\t\t\t<\/div>\n\t\t\t\t\t<div class=\"qodef-m-item swiper-slide\">\n\t\t\t\t\t\t\t\t\t<a href=\"https:\/\/hellergarden.com\/it\/\" target=\"_blank\">\n\t\t\t\t\t\t\t\t\t<div class=\"qodef-m-image-holder\"><div class=\"qodef-m-image\">\n\t\t\t\t\t\t<img decoding=\"async\" src=\"https:\/\/ahporticcioli.com\/wp-content\/uploads\/2021\/04\/heller-garden.jpg\" alt=\"\"\/>\n\t\t\t\t\t<\/div><\/div>\n\t\t\t\t\t\t\t\t\t<\/a>\n\t\t\t\t\t\t\t\t\t\t\t\t\t<h3 class=\"qodef-m-title\">Heller Garden<\/h3>\n\t\t\t\t\t\t\t\t\t\t\t\t\t<span class=\"qodef-m-subtitle\">Un giardino botanico unico, con oltre 3 mila specie di piante provenienti da tutto il mondo, arricchito da sculture di artisti di fama internazionale.<\/span>\n\t\t\t\t\t\t\t<\/div>\n\t\t\t\t\t<div class=\"qodef-m-item swiper-slide\">\n\t\t\t\t\t\t\t\t\t<div class=\"qodef-m-image-holder\"><div class=\"qodef-m-image\">\n\t\t\t\t\t\t<img decoding=\"async\" src=\"https:\/\/ahporticcioli.com\/wp-content\/uploads\/2021\/04\/salo.jpg\" alt=\"\"\/>\n\t\t\t\t\t<\/div><\/div>\n\t\t\t\t\t\t\t\t\t\t\t\t\t<h3 class=\"qodef-m-title\">Sal\u00f2<\/h3>\n\t\t\t\t\t\t\t\t\t\t\t\t\t<span class=\"qodef-m-subtitle\">Una citt\u00e0 ricca di storia al centro di un golfo pittoresco lungo la splendida Riviera dei Limoni, famosa per il suo clima mite tutto l\u2019anno. A seguire gli splendidi paesi di Gardone Riviera, Toscolano-Maderno, Bogliaco, Gargnano, Campione e Limone completano la Riviera dei Limoni.<\/span>\n\t\t\t\t\t\t\t<\/div>\n\t\t\t\t\t<div class=\"qodef-m-item swiper-slide\">\n\t\t\t\t\t\t\t\t\t<a href=\"https:\/\/www.vittoriale.it\/\" target=\"_blank\">\n\t\t\t\t\t\t\t\t\t<div class=\"qodef-m-image-holder\"><div class=\"qodef-m-image\">\n\t\t\t\t\t\t<img decoding=\"async\" src=\"https:\/\/ahporticcioli.com\/wp-content\/uploads\/2021\/04\/vittoriale.jpg\" alt=\"\"\/>\n\t\t\t\t\t<\/div><\/div>\n\t\t\t\t\t\t\t\t\t<\/a>\n\t\t\t\t\t\t\t\t\t\t\t\t\t<h3 class=\"qodef-m-title\">Il Vittoriale degli Italiani<\/h3>\n\t\t\t\t\t\t\t\t\t\t\t\t\t<span class=\"qodef-m-subtitle\">Il grande complesso monumentale voluto da Gabriele D\u2019Annunzio, un museo a cielo aperto ricco di percorsi, giardini e con uno splendido anfiteatro vista lago.<\/span>\n\t\t\t\t\t\t\t<\/div>\n\t\t\t\t\t<div class=\"qodef-m-item swiper-slide\">\n\t\t\t\t\t\t\t\t\t<a href=\"https:\/\/www.parchidelgarda.com\/\" target=\"_blank\">\n\t\t\t\t\t\t\t\t\t<div class=\"qodef-m-image-holder\"><div class=\"qodef-m-image\">\n\t\t\t\t\t\t<img decoding=\"async\" src=\"https:\/\/ahporticcioli.com\/wp-content\/uploads\/2025\/07\/gardaland.jpg\" alt=\"\"\/>\n\t\t\t\t\t<\/div><\/div>\n\t\t\t\t\t\t\t\t\t<\/a>\n\t\t\t\t\t\t\t\t\t\t\t\t\t<h3 class=\"qodef-m-title\">Parchi tematici<\/h3>\n\t\t\t\t\t\t\t\t\t\t\t\t\t<span class=\"qodef-m-subtitle\">Gardaland, Caneva, Movieland, Parco Natura Viva, Parco Giardino Sigurt\u00e0, Jungle Adventure Park e tani altri: divertimento per tutti i gusti.<\/span>\n\t\t\t\t\t\t\t<\/div>\n\t\t\t\t\t<div class=\"qodef-m-item swiper-slide\">\n\t\t\t\t\t\t\t\t\t<a href=\"https:\/\/gardalombardia.com\/it\/vacanza\/sport\/bike\" target=\"_blank\">\n\t\t\t\t\t\t\t\t\t<div class=\"qodef-m-image-holder\"><div class=\"qodef-m-image\">\n\t\t\t\t\t\t<img decoding=\"async\" src=\"https:\/\/ahporticcioli.com\/wp-content\/uploads\/2024\/01\/bike.jpg\" alt=\"\"\/>\n\t\t\t\t\t<\/div><\/div>\n\t\t\t\t\t\t\t\t\t<\/a>\n\t\t\t\t\t\t\t\t\t\t\t\t\t<h3 class=\"qodef-m-title\">Bike<\/h3>\n\t\t\t\t\t\t\t\t\t\t\t\t\t<span class=\"qodef-m-subtitle\">Le vibrazioni della bicicletta sullo sterrato, il sole che accarezza il viso e finalmente l\u2019arrivo a malga Tombea tra i verdi prati di Magasa. Cambio set: si pedala tranquillamente sulla pista ciclabile che da Desenzano del Garda porta a Sirmione con gli occhi pieni del blu del lago. Percorsi per chi vive la bicicletta come una sfida e per chi la usa come mezzo per scoprire il territorio in tranquillit\u00e0.<\/span>\n\t\t\t\t\t\t\t<\/div>\n\t\t\t\t\t<div class=\"qodef-m-item swiper-slide\">\n\t\t\t\t\t\t\t\t\t<a href=\"https:\/\/museodisalo.it\/\" target=\"_blank\">\n\t\t\t\t\t\t\t\t\t<div class=\"qodef-m-image-holder\"><div class=\"qodef-m-image\">\n\t\t\t\t\t\t<img decoding=\"async\" src=\"https:\/\/ahporticcioli.com\/wp-content\/uploads\/2024\/01\/musa.jpg\" alt=\"\"\/>\n\t\t\t\t\t<\/div><\/div>\n\t\t\t\t\t\t\t\t\t<\/a>\n\t\t\t\t\t\t\t\t\t\t\t\t\t<h3 class=\"qodef-m-title\">Musa<\/h3>\n\t\t\t\t\t\t\t\t\t\t\t\t\t<span class=\"qodef-m-subtitle\">II MuSa, museo di Sal\u00f2, racconta la storia della citt\u00e0 di Sal\u00f2 e del suo territorio attraverso un percorso cronologico articolato. Situato nella parte alta del centro storico di Sal\u00f2, in posizione dominante e a due passi dal lago, il MuSa interpreta l\u2019evoluzione della citt\u00e0 e del suo territorio dall\u2019et\u00e0 romana ad oggi.<\/span>\n\t\t\t\t\t\t\t<\/div>\n\t\t\t\t\t<div class=\"qodef-m-item swiper-slide\">\n\t\t\t\t\t\t\t\t\t<a href=\"https:\/\/www.isoladelgarda.com\/\" target=\"_blank\">\n\t\t\t\t\t\t\t\t\t<div class=\"qodef-m-image-holder\"><div class=\"qodef-m-image\">\n\t\t\t\t\t\t<img decoding=\"async\" src=\"https:\/\/ahporticcioli.com\/wp-content\/uploads\/2024\/01\/isole-del-garda.jpg\" alt=\"\"\/>\n\t\t\t\t\t<\/div><\/div>\n\t\t\t\t\t\t\t\t\t<\/a>\n\t\t\t\t\t\t\t\t\t\t\t\t\t<h3 class=\"qodef-m-title\">Isola del Garda<\/h3>\n\t\t\t\t\t\t\t\t\t\t\t\t\t<span class=\"qodef-m-subtitle\">L\u2019Isola \u00e8 situata sulla sponda bresciana del lago di Garda, a poche braccia d'acqua da San Felice del Benaco. Oggi deve il suo fascino soprattutto alla straordinaria villa in stile neogotico veneziano, progettata dall'architetto Luigi Rovelli nei primi '900.<\/span>\n\t\t\t\t\t\t\t<\/div>\n\t\t\t\t\t<div class=\"qodef-m-item swiper-slide\">\n\t\t\t\t\t\t\t\t\t<a href=\"https:\/\/www.valledellecartiere.it\/it\/\" target=\"_blank\">\n\t\t\t\t\t\t\t\t\t<div class=\"qodef-m-image-holder\"><div class=\"qodef-m-image\">\n\t\t\t\t\t\t<img decoding=\"async\" src=\"https:\/\/ahporticcioli.com\/wp-content\/uploads\/2024\/01\/valle-delle-cartiere.jpg\" alt=\"\"\/>\n\t\t\t\t\t<\/div><\/div>\n\t\t\t\t\t\t\t\t\t<\/a>\n\t\t\t\t\t\t\t\t\t\t\t\t\t<h3 class=\"qodef-m-title\">Valle delle Cartiere<\/h3>\n\t\t\t\t\t\t\t\t\t\t\t\t\t<span class=\"qodef-m-subtitle\">La Fondazione Valle delle Cartiere, costituita dal Comune di Toscolano Maderno , dalla societ\u00e0 Burgo Group Spa e dall' Associazione Lavoratori Anziani Cartiera di Toscolano ha come scopo la promozione e lo sviluppo della Valle delle Cartiere e della cultura della carta, mediante la promozione e l'organizzazione di manifestazioni culturali.<\/span>\n\t\t\t\t\t\t\t<\/div>\n\t\t\t\t\t<div class=\"qodef-m-item swiper-slide\">\n\t\t\t\t\t\t\t\t\t<a href=\"https:\/\/gardalombardia.com\/it\/limoni-e-limonaie-del-garda\" target=\"_blank\">\n\t\t\t\t\t\t\t\t\t<div class=\"qodef-m-image-holder\"><div class=\"qodef-m-image\">\n\t\t\t\t\t\t<img decoding=\"async\" src=\"https:\/\/ahporticcioli.com\/wp-content\/uploads\/2024\/01\/limonaia-di-gargnano.jpg\" alt=\"\"\/>\n\t\t\t\t\t<\/div><\/div>\n\t\t\t\t\t\t\t\t\t<\/a>\n\t\t\t\t\t\t\t\t\t\t\t\t\t<h3 class=\"qodef-m-title\">Limonaia di Gargnano<\/h3>\n\t\t\t\t\t\t\t\t\t\t\t\t\t<span class=\"qodef-m-subtitle\">La coltivazione degli agrumi sulla sponda bresciana del Lago di Garda \u00e8 una tradizione che affonda le radici nel XIII secolo. Nel tempo si sono aggiunte diverse variet\u00e0 di agrumi e le limonaie sono diventate parte integrante del paesaggio grazie al lavoro di sapienti agricoltori. <\/span>\n\t\t\t\t\t\t\t<\/div>\n\t\t\t\t\t<div class=\"qodef-m-item swiper-slide\">\n\t\t\t\t\t\t\t\t\t<a href=\"https:\/\/www.bergamobytuktuk.com\" target=\"_blank\">\n\t\t\t\t\t\t\t\t\t<div class=\"qodef-m-image-holder\"><div class=\"qodef-m-image\">\n\t\t\t\t\t\t<img decoding=\"async\" src=\"https:\/\/ahporticcioli.com\/wp-content\/uploads\/2024\/04\/TUK-TUK.png\" alt=\"\"\/>\n\t\t\t\t\t<\/div><\/div>\n\t\t\t\t\t\t\t\t\t<\/a>\n\t\t\t\t\t\t\t\t\t\t\t\t\t<h3 class=\"qodef-m-title\">Scopri Bergamo in Tuk Tuk<\/h3>\n\t\t\t\t\t\t\t\t\t\t\t\t\t<span class=\"qodef-m-subtitle\">Scopri Bergamo in modo originale: sali a bordo dei nostri Tuk Tuk! Ti porteremo alla scoperta degli angoli pi\u00f9 suggestivi e caratteristici di Bergamo nel modo pi\u00f9 Trendy del momento.<\/span>\n\t\t\t\t\t\t\t<\/div>\n\t\t\t\t\t<div class=\"qodef-m-item swiper-slide\">\n\t\t\t\t\t\t\t\t\t<a href=\"https:\/\/gardalombardia.com\/it\/tours\" target=\"_blank\">\n\t\t\t\t\t\t\t\t\t<div class=\"qodef-m-image-holder\"><div class=\"qodef-m-image\">\n\t\t\t\t\t\t<img decoding=\"async\" src=\"https:\/\/ahporticcioli.com\/wp-content\/uploads\/2024\/01\/percorsi-trekking.jpg\" alt=\"\"\/>\n\t\t\t\t\t<\/div><\/div>\n\t\t\t\t\t\t\t\t\t<\/a>\n\t\t\t\t\t\t\t\t\t\t\t\t\t<h3 class=\"qodef-m-title\">Percorsi Trekking<\/h3>\n\t\t\t\t\t\t\t\t\t\t\t\t\t<span class=\"qodef-m-subtitle\">Con un territorio sinuoso e ricco di angoli naturalistici davvero unici, il lago di Garda \u00e8 una meta straordinaria per chi ama il trekking, le escursioni e le camminate, di breve o lunga durata, in montagna, collina o pianura.<\/span>\n\t\t\t\t\t\t\t<\/div>\n\t\t\t<\/div>\n\t\t\t<div class=\"swiper-navigation\">\n\t\t\t<div class=\"swiper-button-next \"><svg xmlns=\"http:\/\/www.w3.org\/2000\/svg\" xmlns:xlink=\"http:\/\/www.w3.org\/1999\/xlink\" x=\"0px\" y=\"0px\" viewBox=\"0 0 26 50.9\" xml:space=\"preserve\"><polyline points=\"0.4,50.6 25.3,25.5 0.4,0.4 \"\/><\/svg><\/div>\n<div class=\"swiper-button-prev \"><svg xmlns=\"http:\/\/www.w3.org\/2000\/svg\" xmlns:xlink=\"http:\/\/www.w3.org\/1999\/xlink\" x=\"0px\" y=\"0px\" viewBox=\"0 0 26 50.9\" xml:space=\"preserve\"><polyline points=\"25.6,0.4 0.7,25.5 25.6,50.6 \"\/><\/svg><\/div>\t\t<\/div>\n\t\t<\/div>\t\t<\/div>\n\t\t\t\t<\/div>\n\t\t\t\t\t<\/div>\n\t\t<\/div>\n\t\t\t\t\t<\/div>\n\t\t<\/section>\n\t\t\t\t<section class=\"elementor-section elementor-top-section elementor-element elementor-element-1dcb62cf elementor-section-full_width elementor-section-stretched elementor-section-height-default elementor-section-height-default qodef-elementor-content-no\" data-id=\"1dcb62cf\" data-element_type=\"section\" data-settings=\"{&quot;stretch_section&quot;:&quot;section-stretched&quot;,&quot;background_background&quot;:&quot;classic&quot;}\">\n\t\t\t\t\t\t<div class=\"elementor-container elementor-column-gap-default\">\n\t\t\t\t\t<div class=\"elementor-column elementor-col-100 elementor-top-column elementor-element elementor-element-1bc2d797\" data-id=\"1bc2d797\" data-element_type=\"column\">\n\t\t\t<div class=\"elementor-widget-wrap elementor-element-populated\">\n\t\t\t\t\t\t<div class=\"elementor-element elementor-element-17ab76b elementor-widget elementor-widget-image\" data-id=\"17ab76b\" data-element_type=\"widget\" data-widget_type=\"image.default\">\n\t\t\t\t<div class=\"elementor-widget-container\">\n\t\t\t\t\t\t\t\t\t\t\t\t\t<img decoding=\"async\" width=\"40\" height=\"18\" src=\"https:\/\/ahporticcioli.com\/wp-content\/uploads\/2021\/04\/logo-ah.png\" class=\"attachment-large size-large wp-image-2727\" alt=\"\" \/>\t\t\t\t\t\t\t\t\t\t\t\t\t<\/div>\n\t\t\t\t<\/div>\n\t\t\t\t<div class=\"elementor-element elementor-element-1dab9740 elementor-widget elementor-widget-heading\" data-id=\"1dab9740\" data-element_type=\"widget\" data-widget_type=\"heading.default\">\n\t\t\t\t<div class=\"elementor-widget-container\">\n\t\t\t<h2 class=\"elementor-heading-title elementor-size-default\">Iscriviti alla Newsletter di Ah Porticcioli<\/h2>\t\t<\/div>\n\t\t\t\t<\/div>\n\t\t\t\t<div class=\"elementor-element elementor-element-1d8367ec elementor-widget elementor-widget-text-editor\" data-id=\"1d8367ec\" data-element_type=\"widget\" data-widget_type=\"text-editor.default\">\n\t\t\t\t<div class=\"elementor-widget-container\">\n\t\t\t\t\t\t\t<p style=\"text-align:center\">Resta aggiornato sulle nostre offerte esclusive<\/p>\t\t\t\t\t\t<\/div>\n\t\t\t\t<\/div>\n\t\t\t\t<div class=\"elementor-element elementor-element-1af92ae8 elementor-mobile-align-center elementor-align-center elementor-widget elementor-widget-button\" data-id=\"1af92ae8\" data-element_type=\"widget\" data-widget_type=\"button.default\">\n\t\t\t\t<div class=\"elementor-widget-container\">\n\t\t\t\t\t<div class=\"elementor-button-wrapper\">\n\t\t\t<a class=\"elementor-button elementor-button-link elementor-size-sm\" href=\"#elementor-action%3Aaction%3Dpopup%3Aopen%26settings%3DeyJpZCI6NzM2MiwidG9nZ2xlIjpmYWxzZX0%3D\">\n\t\t\t\t\t\t<span class=\"elementor-button-content-wrapper\">\n\t\t\t\t\t\t<span class=\"elementor-button-text\">ISCRIVITI <\/span>\n\t\t<\/span>\n\t\t\t\t\t<\/a>\n\t\t<\/div>\n\t\t\t\t<\/div>\n\t\t\t\t<\/div>\n\t\t\t\t\t<\/div>\n\t\t<\/div>\n\t\t\t\t\t<\/div>\n\t\t<\/section>\n\t\t\t\t<\/div>\n\t\t","protected":false},"excerpt":{"rendered":"<p>Cosa fare sul Lago di Garda Una meraviglia a filo d\u2019acqua Il lago di Garda \u00e8 un mosaico di bellezza composto da tantissimi luoghi unici, tutti da scoprire. Natura, arte, storia, cultura, vino e buona tavola. Non manca nulla per rendere ogni giorno una scoperta unica! Sport d&#8217;acqua Il lago di Garda \u00e8 noto per [&hellip;]<\/p>\n","protected":false},"author":3,"featured_media":0,"parent":0,"menu_order":0,"comment_status":"closed","ping_status":"closed","template":"","meta":{"inline_featured_image":false,"footnotes":""},"class_list":["post-15406","page","type-page","status-publish","hentry"],"_links":{"self":[{"href":"https:\/\/ahporticcioli.com\/it\/wp-json\/wp\/v2\/pages\/15406"}],"collection":[{"href":"https:\/\/ahporticcioli.com\/it\/wp-json\/wp\/v2\/pages"}],"about":[{"href":"https:\/\/ahporticcioli.com\/it\/wp-json\/wp\/v2\/types\/page"}],"author":[{"embeddable":true,"href":"https:\/\/ahporticcioli.com\/it\/wp-json\/wp\/v2\/users\/3"}],"replies":[{"embeddable":true,"href":"https:\/\/ahporticcioli.com\/it\/wp-json\/wp\/v2\/comments?post=15406"}],"version-history":[{"count":102,"href":"https:\/\/ahporticcioli.com\/it\/wp-json\/wp\/v2\/pages\/15406\/revisions"}],"predecessor-version":[{"id":18244,"href":"https:\/\/ahporticcioli.com\/it\/wp-json\/wp\/v2\/pages\/15406\/revisions\/18244"}],"wp:attachment":[{"href":"https:\/\/ahporticcioli.com\/it\/wp-json\/wp\/v2\/media?parent=15406"}],"curies":[{"name":"wp","href":"https:\/\/api.w.org\/{rel}","templated":true}]}}