{"id":16022,"date":"2024-01-31T14:31:01","date_gmt":"2024-01-31T14:31:01","guid":{"rendered":"https:\/\/ahporticcioli.com\/?page_id=16022"},"modified":"2025-07-30T12:33:31","modified_gmt":"2025-07-30T12:33:31","slug":"vivre-le-lac-de-garde","status":"publish","type":"page","link":"https:\/\/ahporticcioli.com\/fr\/vivre-le-lac-de-garde\/","title":{"rendered":"Vivre le lac de Garde"},"content":{"rendered":"\t\t<div data-elementor-type=\"wp-page\" data-elementor-id=\"16022\" class=\"elementor elementor-16022 elementor-15406\" data-elementor-post-type=\"page\">\n\t\t\t\t\t\t<div class=\"elementor-section elementor-top-section elementor-element elementor-element-efe3b06 elementor-section-stretched elementor-section-height-min-height elementor-section-boxed elementor-section-height-default elementor-section-items-middle qodef-elementor-content-no\" data-id=\"efe3b06\" data-element_type=\"section\" data-settings=\"{&quot;stretch_section&quot;:&quot;section-stretched&quot;,&quot;background_background&quot;:&quot;classic&quot;}\">\n\t\t\t\t\t\t\t<div class=\"elementor-background-overlay\"><\/div>\n\t\t\t\t\t\t\t<div class=\"elementor-container elementor-column-gap-no\">\n\t\t\t\t\t<div class=\"elementor-column elementor-col-100 elementor-top-column elementor-element elementor-element-f305bb3\" data-id=\"f305bb3\" data-element_type=\"column\">\n\t\t\t<div class=\"elementor-widget-wrap\">\n\t\t\t\t\t\t\t<\/div>\n\t\t<\/div>\n\t\t\t\t\t<\/div>\n\t\t<\/div>\n\t\t\t\t<section class=\"elementor-section elementor-top-section elementor-element elementor-element-06bc5cb elementor-section-boxed elementor-section-height-default elementor-section-height-default qodef-elementor-content-no\" data-id=\"06bc5cb\" data-element_type=\"section\">\n\t\t\t\t\t\t<div class=\"elementor-container elementor-column-gap-default\">\n\t\t\t\t\t<div class=\"elementor-column elementor-col-100 elementor-top-column elementor-element elementor-element-be6bd7d\" data-id=\"be6bd7d\" data-element_type=\"column\">\n\t\t\t<div class=\"elementor-widget-wrap elementor-element-populated\">\n\t\t\t\t\t\t<div class=\"elementor-element elementor-element-e28c2fe elementor-widget elementor-widget-image\" data-id=\"e28c2fe\" data-element_type=\"widget\" data-widget_type=\"image.default\">\n\t\t\t\t<div class=\"elementor-widget-container\">\n\t\t\t<style>\/*! elementor - v3.19.0 - 29-01-2024 *\/\n.elementor-widget-image{text-align:center}.elementor-widget-image a{display:inline-block}.elementor-widget-image a img[src$=\".svg\"]{width:48px}.elementor-widget-image img{vertical-align:middle;display:inline-block}<\/style>\t\t\t\t\t\t\t\t\t\t<img decoding=\"async\" width=\"40\" height=\"18\" src=\"https:\/\/ahporticcioli.com\/wp-content\/uploads\/2021\/04\/logo-ah.png\" class=\"attachment-large size-large wp-image-2727\" alt=\"\" \/>\t\t\t\t\t\t\t\t\t\t\t\t\t<\/div>\n\t\t\t\t<\/div>\n\t\t\t\t<div class=\"elementor-element elementor-element-5331994 elementor-widget elementor-widget-heading\" data-id=\"5331994\" data-element_type=\"widget\" data-widget_type=\"heading.default\">\n\t\t\t\t<div class=\"elementor-widget-container\">\n\t\t\t<style>\/*! elementor - v3.19.0 - 29-01-2024 *\/\n.elementor-heading-title{padding:0;margin:0;line-height:1}.elementor-widget-heading .elementor-heading-title[class*=elementor-size-]>a{color:inherit;font-size:inherit;line-height:inherit}.elementor-widget-heading .elementor-heading-title.elementor-size-small{font-size:15px}.elementor-widget-heading .elementor-heading-title.elementor-size-medium{font-size:19px}.elementor-widget-heading .elementor-heading-title.elementor-size-large{font-size:29px}.elementor-widget-heading .elementor-heading-title.elementor-size-xl{font-size:39px}.elementor-widget-heading .elementor-heading-title.elementor-size-xxl{font-size:59px}<\/style><h2 class=\"elementor-heading-title elementor-size-default\">Vivre le lac de Garde<\/h2>\t\t<\/div>\n\t\t\t\t<\/div>\n\t\t\t\t<div class=\"elementor-element elementor-element-6615b30 elementor-widget elementor-widget-text-editor\" data-id=\"6615b30\" data-element_type=\"widget\" data-widget_type=\"text-editor.default\">\n\t\t\t\t<div class=\"elementor-widget-container\">\n\t\t\t<style>\/*! elementor - v3.19.0 - 29-01-2024 *\/\n.elementor-widget-text-editor.elementor-drop-cap-view-stacked .elementor-drop-cap{background-color:#69727d;color:#fff}.elementor-widget-text-editor.elementor-drop-cap-view-framed .elementor-drop-cap{color:#69727d;border:3px solid;background-color:transparent}.elementor-widget-text-editor:not(.elementor-drop-cap-view-default) .elementor-drop-cap{margin-top:8px}.elementor-widget-text-editor:not(.elementor-drop-cap-view-default) .elementor-drop-cap-letter{width:1em;height:1em}.elementor-widget-text-editor .elementor-drop-cap{float:left;text-align:center;line-height:1;font-size:50px}.elementor-widget-text-editor .elementor-drop-cap-letter{display:inline-block}<\/style>\t\t\t\t<p style=\"text-align: center;\">Une merveille au bord de l\u2019eau<\/p>\t\t\t\t\t\t<\/div>\n\t\t\t\t<\/div>\n\t\t\t\t<div class=\"elementor-element elementor-element-2d9bdf1 elementor-widget elementor-widget-qi_addons_for_elementor_separator\" data-id=\"2d9bdf1\" data-element_type=\"widget\" data-widget_type=\"qi_addons_for_elementor_separator.default\">\n\t\t\t\t<div class=\"elementor-widget-container\">\n\t\t\t<div class=\"qodef-shortcode qodef-m  qodef-qi-separator qodef-qi-clear qodef-separator--standard qodef-position--center\">\n\t<div class=\"qodef-m-line\"><\/div>\n<\/div>\n\t\t<\/div>\n\t\t\t\t<\/div>\n\t\t\t\t<div class=\"elementor-element elementor-element-3d9e7b6 elementor-widget elementor-widget-text-editor\" data-id=\"3d9e7b6\" data-element_type=\"widget\" data-widget_type=\"text-editor.default\">\n\t\t\t\t<div class=\"elementor-widget-container\">\n\t\t\t\t\t\t\t<p>Le lac de Garde est une mosa\u00efque de beaut\u00e9 parsem\u00e9e de lieux d\u2019exception, qui ne demandent qu\u2019\u00e0 \u00eatre d\u00e9couverts.<\/p><p>Nature, art, histoire, culture, vin et bonne cuisine. Rien ne manque pour faire de chaque jour une d\u00e9couverte unique!<\/p>\t\t\t\t\t\t<\/div>\n\t\t\t\t<\/div>\n\t\t\t\t\t<\/div>\n\t\t<\/div>\n\t\t\t\t\t<\/div>\n\t\t<\/section>\n\t\t\t\t<section class=\"elementor-section elementor-top-section elementor-element elementor-element-400f2e9 elementor-section-boxed elementor-section-height-default elementor-section-height-default qodef-elementor-content-no\" data-id=\"400f2e9\" data-element_type=\"section\">\n\t\t\t\t\t\t<div class=\"elementor-container elementor-column-gap-default\">\n\t\t\t\t\t<div class=\"elementor-column elementor-col-100 elementor-top-column elementor-element elementor-element-e30dad2\" data-id=\"e30dad2\" data-element_type=\"column\">\n\t\t\t<div class=\"elementor-widget-wrap elementor-element-populated\">\n\t\t\t\t\t\t<div class=\"elementor-element elementor-element-6141598 elementor-widget elementor-widget-alloggio_core_centered_slider\" data-id=\"6141598\" data-element_type=\"widget\" data-widget_type=\"alloggio_core_centered_slider.default\">\n\t\t\t\t<div class=\"elementor-widget-container\">\n\t\t\t<div class=\"qodef-shortcode qodef-m  qodef-centered-slider qodef-swiper-container  qodef--has-title\" data-options=\"{&quot;slidesPerView&quot;:&quot;auto&quot;,&quot;slidesPerView1440&quot;:&quot;auto&quot;,&quot;slidesPerView1366&quot;:&quot;auto&quot;,&quot;slidesPerView1024&quot;:&quot;auto&quot;,&quot;slidesPerView768&quot;:&quot;1&quot;,&quot;centeredSlides&quot;:&quot;true&quot;}\">\n\t<div class=\"swiper-wrapper\">\n\t\t\t\t\t<div class=\"qodef-m-item swiper-slide\">\n\t\t\t\t\t\t\t\t\t<a href=\"https:\/\/gardalombardia.com\/it\/vacanza\/sport\/golf\" target=\"_blank\">\n\t\t\t\t\t\t\t\t\t<div class=\"qodef-m-image-holder\"><div class=\"qodef-m-image\">\n\t\t\t\t\t\t<img decoding=\"async\" src=\"https:\/\/ahporticcioli.com\/wp-content\/uploads\/2025\/07\/sport-acqua.jpg\" alt=\"\"\/>\n\t\t\t\t\t<\/div><\/div>\n\t\t\t\t\t\t\t\t\t<\/a>\n\t\t\t\t\t\t\t\t\t\t\t\t\t<h3 class=\"qodef-m-title\">Sports nautiques<\/h3>\n\t\t\t\t\t\t\t\t\t\t\t\t\t<span class=\"qodef-m-subtitle\">Le lac de Garde est connu pour les sports nautiques, principalement la voile avec les importantes r\u00e9gates qui ont lieu chaque ann\u00e9e dans les eaux de Benacenza, mais aussi le wakeboard (ski nautique), le kitesurf, la planche \u00e0 voile, le cano\u00eb, la plong\u00e9e avec tuba, sans oublier le sport, activit\u00e9 aquatique la plus populaire du moment. : stand up paddle (SUP).<\/span>\n\t\t\t\t\t\t\t<\/div>\n\t\t\t\t\t<div class=\"qodef-m-item swiper-slide\">\n\t\t\t\t\t\t\t\t\t<a href=\"https:\/\/gardalombardia.com\/it\/vacanza\/sport\/golf\" target=\"_blank\">\n\t\t\t\t\t\t\t\t\t<div class=\"qodef-m-image-holder\"><div class=\"qodef-m-image\">\n\t\t\t\t\t\t<img decoding=\"async\" src=\"https:\/\/ahporticcioli.com\/wp-content\/uploads\/2025\/07\/golf.jpg\" alt=\"\"\/>\n\t\t\t\t\t<\/div><\/div>\n\t\t\t\t\t\t\t\t\t<\/a>\n\t\t\t\t\t\t\t\t\t\t\t\t\t<h3 class=\"qodef-m-title\">Golf sur le lac de Garde<\/h3>\n\t\t\t\t\t\t\t\t\t\t\t\t\t<span class=\"qodef-m-subtitle\">Gardagolf, Arzaga Golf Club, Il Colombaro et Bogliaco Golf Resort : 4 parcours prestigieux pour 4 sites \u00e9poustouflants.<\/span>\n\t\t\t\t\t\t\t<\/div>\n\t\t\t\t\t<div class=\"qodef-m-item swiper-slide\">\n\t\t\t\t\t\t\t\t\t<a href=\"https:\/\/www.parchidelgarda.com\/\" target=\"_blank\">\n\t\t\t\t\t\t\t\t\t<div class=\"qodef-m-image-holder\"><div class=\"qodef-m-image\">\n\t\t\t\t\t\t<img decoding=\"async\" src=\"https:\/\/ahporticcioli.com\/wp-content\/uploads\/2025\/07\/gardaland.jpg\" alt=\"\"\/>\n\t\t\t\t\t<\/div><\/div>\n\t\t\t\t\t\t\t\t\t<\/a>\n\t\t\t\t\t\t\t\t\t\t\t\t\t<h3 class=\"qodef-m-title\">Parcs \u00e0 th\u00e8me<\/h3>\n\t\t\t\t\t\t\t\t\t\t\t\t\t<span class=\"qodef-m-subtitle\">Gardaland, Caneva, Movieland, Parco Natura Viva, Parco Giardino Sigurt\u00e0, Jungle Adventure Park et bien d\u2019autres : une proposition vari\u00e9e pour le plus grand bonheur de petits et grands.<\/span>\n\t\t\t\t\t\t\t<\/div>\n\t\t\t\t\t<div class=\"qodef-m-item swiper-slide\">\n\t\t\t\t\t\t\t\t\t<div class=\"qodef-m-image-holder\"><div class=\"qodef-m-image\">\n\t\t\t\t\t\t<img decoding=\"async\" src=\"https:\/\/ahporticcioli.com\/wp-content\/uploads\/2021\/04\/sirmione.jpg\" alt=\"\"\/>\n\t\t\t\t\t<\/div><\/div>\n\t\t\t\t\t\t\t\t\t\t\t\t\t<h3 class=\"qodef-m-title\">Sirmione<\/h3>\n\t\t\t\t\t\t\t\t\t\t\t\t\t<span class=\"qodef-m-subtitle\">La perle du lac de Garde, renomm\u00e9e pour son centre historique, sa forteresse, les Grottes di Catulle et son c\u00e9l\u00e8bre centre thermal.<\/span>\n\t\t\t\t\t\t\t<\/div>\n\t\t\t\t\t<div class=\"qodef-m-item swiper-slide\">\n\t\t\t\t\t\t\t\t\t<a href=\"https:\/\/hellergarden.com\/it\/\" target=\"_blank\">\n\t\t\t\t\t\t\t\t\t<div class=\"qodef-m-image-holder\"><div class=\"qodef-m-image\">\n\t\t\t\t\t\t<img decoding=\"async\" src=\"https:\/\/ahporticcioli.com\/wp-content\/uploads\/2021\/04\/heller-garden.jpg\" alt=\"\"\/>\n\t\t\t\t\t<\/div><\/div>\n\t\t\t\t\t\t\t\t\t<\/a>\n\t\t\t\t\t\t\t\t\t\t\t\t\t<h3 class=\"qodef-m-title\">Heller Garden<\/h3>\n\t\t\t\t\t\t\t\t\t\t\t\t\t<span class=\"qodef-m-subtitle\">Un jardin botanique unique qui accueille plus de 3 000 esp\u00e8ces de plantes venant du monde entier, agr\u00e9ment\u00e9 de sculptures d\u2019artistes d\u2019envergure internationale.<\/span>\n\t\t\t\t\t\t\t<\/div>\n\t\t\t\t\t<div class=\"qodef-m-item swiper-slide\">\n\t\t\t\t\t\t\t\t\t<div class=\"qodef-m-image-holder\"><div class=\"qodef-m-image\">\n\t\t\t\t\t\t<img decoding=\"async\" src=\"https:\/\/ahporticcioli.com\/wp-content\/uploads\/2021\/04\/salo.jpg\" alt=\"\"\/>\n\t\t\t\t\t<\/div><\/div>\n\t\t\t\t\t\t\t\t\t\t\t\t\t<h3 class=\"qodef-m-title\">Sal\u00f2<\/h3>\n\t\t\t\t\t\t\t\t\t\t\t\t\t<span class=\"qodef-m-subtitle\">Une ville riche en histoire au c\u0153ur d\u2019un golfe pittoresque, le long de la magnifique Riviera dei Limoni, c\u00e9l\u00e8bre pour la douceur de son climat tout au long de l\u2019ann\u00e9e. Les stations de vill\u00e9giature de Gardone Riviera, Toscolano-Maderno, Bogliaco, Gargnano, Campione et Limone compl\u00e8tent la Riviera dei Limoni.<\/span>\n\t\t\t\t\t\t\t<\/div>\n\t\t\t\t\t<div class=\"qodef-m-item swiper-slide\">\n\t\t\t\t\t\t\t\t\t<a href=\"https:\/\/www.vittoriale.it\/\" target=\"_blank\">\n\t\t\t\t\t\t\t\t\t<div class=\"qodef-m-image-holder\"><div class=\"qodef-m-image\">\n\t\t\t\t\t\t<img decoding=\"async\" src=\"https:\/\/ahporticcioli.com\/wp-content\/uploads\/2021\/04\/vittoriale.jpg\" alt=\"\"\/>\n\t\t\t\t\t<\/div><\/div>\n\t\t\t\t\t\t\t\t\t<\/a>\n\t\t\t\t\t\t\t\t\t\t\t\t\t<h3 class=\"qodef-m-title\">Le Vittoriale des Italiens <\/h3>\n\t\t\t\t\t\t\t\t\t\t\t\t\t<span class=\"qodef-m-subtitle\">Le grand domaine monumental b\u00e2ti par volont\u00e9 de Gabriele D\u2019Annunzio, un mus\u00e9e en plein air riche de sentiers, de jardins et avec un splendide amphith\u00e9\u00e2tre qui domine le lac.<\/span>\n\t\t\t\t\t\t\t<\/div>\n\t\t\t\t\t<div class=\"qodef-m-item swiper-slide\">\n\t\t\t\t\t\t\t\t\t<a href=\"https:\/\/casadelvinovaltenesi.it\/\" target=\"_blank\">\n\t\t\t\t\t\t\t\t\t<div class=\"qodef-m-image-holder\"><div class=\"qodef-m-image\">\n\t\t\t\t\t\t<img decoding=\"async\" src=\"https:\/\/ahporticcioli.com\/wp-content\/uploads\/2021\/04\/vino.jpg\" alt=\"\"\/>\n\t\t\t\t\t<\/div><\/div>\n\t\t\t\t\t\t\t\t\t<\/a>\n\t\t\t\t\t\t\t\t\t\t\t\t\t<h3 class=\"qodef-m-title\">La route des vins<\/h3>\n\t\t\t\t\t\t\t\t\t\t\t\t\t<span class=\"qodef-m-subtitle\">La r\u00e9gion du lac de Garde et les vall\u00e9es alentours sont r\u00e9put\u00e9es pour leur production de vins de qualit\u00e9, export\u00e9s aux quatre coins de la plan\u00e8te. La visite des plus prestigieuses caves est la meilleure fa\u00e7on d\u2019appr\u00e9cier et de d\u00e9couvrir les riches traditions gastronomiques de ce terroir.<\/span>\n\t\t\t\t\t\t\t<\/div>\n\t\t\t\t\t<div class=\"qodef-m-item swiper-slide\">\n\t\t\t\t\t\t\t\t\t<a href=\"https:\/\/gardalombardia.com\/it\/tours\" target=\"_blank\">\n\t\t\t\t\t\t\t\t\t<div class=\"qodef-m-image-holder\"><div class=\"qodef-m-image\">\n\t\t\t\t\t\t<img decoding=\"async\" src=\"https:\/\/ahporticcioli.com\/wp-content\/uploads\/2024\/01\/percorsi-trekking.jpg\" alt=\"\"\/>\n\t\t\t\t\t<\/div><\/div>\n\t\t\t\t\t\t\t\t\t<\/a>\n\t\t\t\t\t\t\t\t\t\t\t\t\t<h3 class=\"qodef-m-title\">Itin\u00e9raires de Trekking<\/h3>\n\t\t\t\t\t\t\t\t\t\t\t\t\t<span class=\"qodef-m-subtitle\">Avec un territoire sinueux et plein de coins naturalistes vraiment uniques, le Lac de Garde est une destination extraordinaire pour ceux qui aiment le trekking, les excursions et les promenades, de courte ou de longue dur\u00e9e, en montagne, en colline ou en plaine.<\/span>\n\t\t\t\t\t\t\t<\/div>\n\t\t\t\t\t<div class=\"qodef-m-item swiper-slide\">\n\t\t\t\t\t\t\t\t\t<a href=\"https:\/\/museodisalo.it\/\" target=\"_blank\">\n\t\t\t\t\t\t\t\t\t<div class=\"qodef-m-image-holder\"><div class=\"qodef-m-image\">\n\t\t\t\t\t\t<img decoding=\"async\" src=\"https:\/\/ahporticcioli.com\/wp-content\/uploads\/2024\/01\/musa.jpg\" alt=\"\"\/>\n\t\t\t\t\t<\/div><\/div>\n\t\t\t\t\t\t\t\t\t<\/a>\n\t\t\t\t\t\t\t\t\t\t\t\t\t<h3 class=\"qodef-m-title\">Musa<\/h3>\n\t\t\t\t\t\t\t\t\t\t\t\t\t<span class=\"qodef-m-subtitle\">II MuSa, mus\u00e9e de Sal\u00f2, raconte l'histoire de la ville de Sal\u00f2 et de son territoire \u00e0 travers un parcours chronologique structur\u00e9. Situ\u00e9e dans la partie sup\u00e9rieure du centre historique de Sal\u00f2, en position dominante et \u00e0 deux pas du lac, la MuSa interpr\u00e8te l'\u00e9volution de la ville et de son territoire depuis l'\u00e9poque romaine jusqu'\u00e0 nos jours.<\/span>\n\t\t\t\t\t\t\t<\/div>\n\t\t\t\t\t<div class=\"qodef-m-item swiper-slide\">\n\t\t\t\t\t\t\t\t\t<a href=\"https:\/\/www.isoladelgarda.com\/\" target=\"_blank\">\n\t\t\t\t\t\t\t\t\t<div class=\"qodef-m-image-holder\"><div class=\"qodef-m-image\">\n\t\t\t\t\t\t<img decoding=\"async\" src=\"https:\/\/ahporticcioli.com\/wp-content\/uploads\/2024\/01\/isole-del-garda.jpg\" alt=\"\"\/>\n\t\t\t\t\t<\/div><\/div>\n\t\t\t\t\t\t\t\t\t<\/a>\n\t\t\t\t\t\t\t\t\t\t\t\t\t<h3 class=\"qodef-m-title\"> \u00cele de Garde<\/h3>\n\t\t\t\t\t\t\t\t\t\t\t\t\t<span class=\"qodef-m-subtitle\">L'\u00eele est situ\u00e9e sur la rive de Brescia du lac de Garde, \u00e0 quelques brasses d'eau de San Felice del Benaco. Aujourd'hui, elle doit surtout son charme \u00e0 l'extraordinaire villa v\u00e9nitienne de style n\u00e9o-gothique, con\u00e7ue par l'architecte Luigi Rovelli au d\u00e9but des ann\u00e9es 1900.<\/span>\n\t\t\t\t\t\t\t<\/div>\n\t\t\t\t\t<div class=\"qodef-m-item swiper-slide\">\n\t\t\t\t\t\t\t\t\t<a href=\"https:\/\/www.valledellecartiere.it\/it\/\" target=\"_blank\">\n\t\t\t\t\t\t\t\t\t<div class=\"qodef-m-image-holder\"><div class=\"qodef-m-image\">\n\t\t\t\t\t\t<img decoding=\"async\" src=\"https:\/\/ahporticcioli.com\/wp-content\/uploads\/2024\/01\/valle-delle-cartiere.jpg\" alt=\"\"\/>\n\t\t\t\t\t<\/div><\/div>\n\t\t\t\t\t\t\t\t\t<\/a>\n\t\t\t\t\t\t\t\t\t\t\t\t\t<h3 class=\"qodef-m-title\">Valle delle cartiere<\/h3>\n\t\t\t\t\t\t\t\t\t\t\t\t\t<span class=\"qodef-m-subtitle\">La Fondation Valle delle Cartiere, cr\u00e9\u00e9e par la municipalit\u00e9 de Toscolano Maderno, la soci\u00e9t\u00e9 Burgo Group Spa et l'Association des travailleurs \u00e2g\u00e9s de la papeterie de Toscolano, a pour objectif la promotion et le d\u00e9veloppement de la Valle delle Cartiere et de la culture du papier, \u00e0 travers la promotion et organisation d'\u00e9v\u00e9nements culturels.<\/span>\n\t\t\t\t\t\t\t<\/div>\n\t\t\t\t\t<div class=\"qodef-m-item swiper-slide\">\n\t\t\t\t\t\t\t\t\t<a href=\"https:\/\/www.bergamobytuktuk.com\/en\/\" target=\"_blank\">\n\t\t\t\t\t\t\t\t\t<div class=\"qodef-m-image-holder\"><div class=\"qodef-m-image\">\n\t\t\t\t\t\t<img decoding=\"async\" src=\"https:\/\/ahporticcioli.com\/wp-content\/uploads\/2024\/04\/TUK-TUK.png\" alt=\"\"\/>\n\t\t\t\t\t<\/div><\/div>\n\t\t\t\t\t\t\t\t\t<\/a>\n\t\t\t\t\t\t\t\t\t\t\t\t\t<h3 class=\"qodef-m-title\">Discover Bergamo in Tuk Tuk<\/h3>\n\t\t\t\t\t\t\t\t\t\t\t\t\t<span class=\"qodef-m-subtitle\">Discover Bergamo in an original way: get on our Tuk Tuks! We will take you on a journey to discover Bergamo\u2019s most picturesque and characteristic corners, in the trendiest possible way.<\/span>\n\t\t\t\t\t\t\t<\/div>\n\t\t\t\t\t<div class=\"qodef-m-item swiper-slide\">\n\t\t\t\t\t\t\t\t\t<a href=\"https:\/\/gardalombardia.com\/it\/limoni-e-limonaie-del-garda\" target=\"_blank\">\n\t\t\t\t\t\t\t\t\t<div class=\"qodef-m-image-holder\"><div class=\"qodef-m-image\">\n\t\t\t\t\t\t<img decoding=\"async\" src=\"https:\/\/ahporticcioli.com\/wp-content\/uploads\/2024\/01\/limonaia-di-gargnano.jpg\" alt=\"\"\/>\n\t\t\t\t\t<\/div><\/div>\n\t\t\t\t\t\t\t\t\t<\/a>\n\t\t\t\t\t\t\t\t\t\t\t\t\t<h3 class=\"qodef-m-title\"> Maison du citron de Garde<\/h3>\n\t\t\t\t\t\t\t\t\t\t\t\t\t<span class=\"qodef-m-subtitle\"> La culture des agrumes du c\u00f4t\u00e9 de Brescia, au bord du lac de Garde, est une tradition qui remonte au XIIIe si\u00e8cle. Au fil du temps, diff\u00e9rentes vari\u00e9t\u00e9s d'agrumes se sont ajout\u00e9es et les citronniers sont devenus partie int\u00e9grante du paysage gr\u00e2ce au travail d'agriculteurs qualifi\u00e9s.<\/span>\n\t\t\t\t\t\t\t<\/div>\n\t\t\t\t\t<div class=\"qodef-m-item swiper-slide\">\n\t\t\t\t\t\t\t\t\t<a href=\"https:\/\/gardalombardia.com\/it\/vacanza\/sport\/bike\" target=\"_blank\">\n\t\t\t\t\t\t\t\t\t<div class=\"qodef-m-image-holder\"><div class=\"qodef-m-image\">\n\t\t\t\t\t\t<img decoding=\"async\" src=\"https:\/\/ahporticcioli.com\/wp-content\/uploads\/2024\/01\/bike.jpg\" alt=\"\"\/>\n\t\t\t\t\t<\/div><\/div>\n\t\t\t\t\t\t\t\t\t<\/a>\n\t\t\t\t\t\t\t\t\t\t\t\t\t<h3 class=\"qodef-m-title\">V\u00e9lo<\/h3>\n\t\t\t\t\t\t\t\t\t\t\t\t\t<span class=\"qodef-m-subtitle\">Les vibrations du v\u00e9lo sur le chemin de terre, le soleil caressant votre visage et enfin l'arriv\u00e9e \u00e0 Malga Tombea parmi les vertes prairies de Magasa. Changement de d\u00e9cor : vous p\u00e9dalez tranquillement sur la piste cyclable qui m\u00e8ne de Desenzano del Garda \u00e0 Sirmione les yeux pleins du bleu du lac. Itin\u00e9raires pour ceux qui vivent le v\u00e9lo comme un d\u00e9fi et pour ceux qui l'utilisent comme moyen de d\u00e9couvrir la r\u00e9gion en toute tranquillit\u00e9.<\/span>\n\t\t\t\t\t\t\t<\/div>\n\t\t\t<\/div>\n\t\t\t<div class=\"swiper-navigation\">\n\t\t\t<div class=\"swiper-button-next \"><svg xmlns=\"http:\/\/www.w3.org\/2000\/svg\" xmlns:xlink=\"http:\/\/www.w3.org\/1999\/xlink\" x=\"0px\" y=\"0px\" viewBox=\"0 0 26 50.9\" xml:space=\"preserve\"><polyline points=\"0.4,50.6 25.3,25.5 0.4,0.4 \"\/><\/svg><\/div>\n<div class=\"swiper-button-prev \"><svg xmlns=\"http:\/\/www.w3.org\/2000\/svg\" xmlns:xlink=\"http:\/\/www.w3.org\/1999\/xlink\" x=\"0px\" y=\"0px\" viewBox=\"0 0 26 50.9\" xml:space=\"preserve\"><polyline points=\"25.6,0.4 0.7,25.5 25.6,50.6 \"\/><\/svg><\/div>\t\t<\/div>\n\t\t<\/div>\t\t<\/div>\n\t\t\t\t<\/div>\n\t\t\t\t\t<\/div>\n\t\t<\/div>\n\t\t\t\t\t<\/div>\n\t\t<\/section>\n\t\t\t\t<section class=\"elementor-section elementor-top-section elementor-element elementor-element-1dcb62cf elementor-section-full_width elementor-section-stretched elementor-section-height-default elementor-section-height-default qodef-elementor-content-no\" data-id=\"1dcb62cf\" data-element_type=\"section\" data-settings=\"{&quot;stretch_section&quot;:&quot;section-stretched&quot;,&quot;background_background&quot;:&quot;classic&quot;}\">\n\t\t\t\t\t\t<div class=\"elementor-container elementor-column-gap-default\">\n\t\t\t\t\t<div class=\"elementor-column elementor-col-100 elementor-top-column elementor-element elementor-element-1bc2d797\" data-id=\"1bc2d797\" data-element_type=\"column\">\n\t\t\t<div class=\"elementor-widget-wrap elementor-element-populated\">\n\t\t\t\t\t\t<div class=\"elementor-element elementor-element-17ab76b elementor-widget elementor-widget-image\" data-id=\"17ab76b\" data-element_type=\"widget\" data-widget_type=\"image.default\">\n\t\t\t\t<div class=\"elementor-widget-container\">\n\t\t\t\t\t\t\t\t\t\t\t\t\t<img decoding=\"async\" width=\"40\" height=\"18\" src=\"https:\/\/ahporticcioli.com\/wp-content\/uploads\/2021\/04\/logo-ah.png\" class=\"attachment-large size-large wp-image-2727\" alt=\"\" \/>\t\t\t\t\t\t\t\t\t\t\t\t\t<\/div>\n\t\t\t\t<\/div>\n\t\t\t\t<div class=\"elementor-element elementor-element-1dab9740 elementor-widget elementor-widget-heading\" data-id=\"1dab9740\" data-element_type=\"widget\" data-widget_type=\"heading.default\">\n\t\t\t\t<div class=\"elementor-widget-container\">\n\t\t\t<h2 class=\"elementor-heading-title elementor-size-default\">Abonnez-vous \u00e0 la lettre d\u2019information d\u2019Ah Porticcioli<\/h2>\t\t<\/div>\n\t\t\t\t<\/div>\n\t\t\t\t<div class=\"elementor-element elementor-element-1d8367ec elementor-widget elementor-widget-text-editor\" data-id=\"1d8367ec\" data-element_type=\"widget\" data-widget_type=\"text-editor.default\">\n\t\t\t\t<div class=\"elementor-widget-container\">\n\t\t\t\t\t\t\t<p style=\"text-align: center; line-height: 19.05pt; vertical-align: baseline; margin: 7.5pt 0cm 7.5pt 0cm;\" align=\"center\"><span lang=\"FR\" style=\"font-size: 10.5pt; font-family: Overpass;\">Soyez toujours inform\u00e9 de nos nouveaut\u00e9s exclusives<\/span><\/p>\t\t\t\t\t\t<\/div>\n\t\t\t\t<\/div>\n\t\t\t\t<div class=\"elementor-element elementor-element-1af92ae8 elementor-mobile-align-center elementor-align-center elementor-widget elementor-widget-button\" data-id=\"1af92ae8\" data-element_type=\"widget\" data-widget_type=\"button.default\">\n\t\t\t\t<div class=\"elementor-widget-container\">\n\t\t\t\t\t<div class=\"elementor-button-wrapper\">\n\t\t\t<a class=\"elementor-button elementor-button-link elementor-size-sm\" href=\"https:\/\/ahporticcioli.com\/it\/servizi\/\">\n\t\t\t\t\t\t<span class=\"elementor-button-content-wrapper\">\n\t\t\t\t\t\t<span class=\"elementor-button-text\">S'ABONNER<\/span>\n\t\t<\/span>\n\t\t\t\t\t<\/a>\n\t\t<\/div>\n\t\t\t\t<\/div>\n\t\t\t\t<\/div>\n\t\t\t\t\t<\/div>\n\t\t<\/div>\n\t\t\t\t\t<\/div>\n\t\t<\/section>\n\t\t\t\t<\/div>\n\t\t","protected":false},"excerpt":{"rendered":"<p>Vivre le lac de Garde Une merveille au bord de l\u2019eau Le lac de Garde est une mosa\u00efque de beaut\u00e9 parsem\u00e9e de lieux d\u2019exception, qui ne demandent qu\u2019\u00e0 \u00eatre d\u00e9couverts. Nature, art, histoire, culture, vin et bonne cuisine. Rien ne manque pour faire de chaque jour une d\u00e9couverte unique! Sports nautiques Le lac de Garde [&hellip;]<\/p>\n","protected":false},"author":2,"featured_media":0,"parent":0,"menu_order":0,"comment_status":"closed","ping_status":"closed","template":"","meta":{"inline_featured_image":false,"footnotes":""},"class_list":["post-16022","page","type-page","status-publish","hentry"],"_links":{"self":[{"href":"https:\/\/ahporticcioli.com\/fr\/wp-json\/wp\/v2\/pages\/16022"}],"collection":[{"href":"https:\/\/ahporticcioli.com\/fr\/wp-json\/wp\/v2\/pages"}],"about":[{"href":"https:\/\/ahporticcioli.com\/fr\/wp-json\/wp\/v2\/types\/page"}],"author":[{"embeddable":true,"href":"https:\/\/ahporticcioli.com\/fr\/wp-json\/wp\/v2\/users\/2"}],"replies":[{"embeddable":true,"href":"https:\/\/ahporticcioli.com\/fr\/wp-json\/wp\/v2\/comments?post=16022"}],"version-history":[{"count":107,"href":"https:\/\/ahporticcioli.com\/fr\/wp-json\/wp\/v2\/pages\/16022\/revisions"}],"predecessor-version":[{"id":18253,"href":"https:\/\/ahporticcioli.com\/fr\/wp-json\/wp\/v2\/pages\/16022\/revisions\/18253"}],"wp:attachment":[{"href":"https:\/\/ahporticcioli.com\/fr\/wp-json\/wp\/v2\/media?parent=16022"}],"curies":[{"name":"wp","href":"https:\/\/api.w.org\/{rel}","templated":true}]}}