{"id":15533,"date":"2024-01-19T12:35:10","date_gmt":"2024-01-19T12:35:10","guid":{"rendered":"https:\/\/ahporticcioli.com\/?page_id=15533"},"modified":"2025-07-30T12:32:21","modified_gmt":"2025-07-30T12:32:21","slug":"what-to-do-on-lake-garda","status":"publish","type":"page","link":"https:\/\/ahporticcioli.com\/en\/what-to-do-on-lake-garda\/","title":{"rendered":"What to do on Lake Garda"},"content":{"rendered":"\t\t<div data-elementor-type=\"wp-page\" data-elementor-id=\"15533\" class=\"elementor elementor-15533 elementor-15406\" data-elementor-post-type=\"page\">\n\t\t\t\t\t\t<div class=\"elementor-section elementor-top-section elementor-element elementor-element-efe3b06 elementor-section-stretched elementor-section-height-min-height elementor-section-boxed elementor-section-height-default elementor-section-items-middle qodef-elementor-content-no\" data-id=\"efe3b06\" data-element_type=\"section\" data-settings=\"{&quot;stretch_section&quot;:&quot;section-stretched&quot;,&quot;background_background&quot;:&quot;classic&quot;}\">\n\t\t\t\t\t\t\t<div class=\"elementor-background-overlay\"><\/div>\n\t\t\t\t\t\t\t<div class=\"elementor-container elementor-column-gap-no\">\n\t\t\t\t\t<div class=\"elementor-column elementor-col-100 elementor-top-column elementor-element elementor-element-f305bb3\" data-id=\"f305bb3\" data-element_type=\"column\">\n\t\t\t<div class=\"elementor-widget-wrap\">\n\t\t\t\t\t\t\t<\/div>\n\t\t<\/div>\n\t\t\t\t\t<\/div>\n\t\t<\/div>\n\t\t\t\t<section class=\"elementor-section elementor-top-section elementor-element elementor-element-1c86890a elementor-section-boxed elementor-section-height-default elementor-section-height-default qodef-elementor-content-no\" data-id=\"1c86890a\" data-element_type=\"section\">\n\t\t\t\t\t\t<div class=\"elementor-container elementor-column-gap-default\">\n\t\t\t\t\t<div class=\"elementor-column elementor-col-100 elementor-top-column elementor-element elementor-element-2d822072\" data-id=\"2d822072\" data-element_type=\"column\">\n\t\t\t<div class=\"elementor-widget-wrap elementor-element-populated\">\n\t\t\t\t\t\t<div class=\"elementor-element elementor-element-7c47b74e elementor-widget elementor-widget-image\" data-id=\"7c47b74e\" data-element_type=\"widget\" data-widget_type=\"image.default\">\n\t\t\t\t<div class=\"elementor-widget-container\">\n\t\t\t<style>\/*! elementor - v3.19.0 - 29-01-2024 *\/\n.elementor-widget-image{text-align:center}.elementor-widget-image a{display:inline-block}.elementor-widget-image a img[src$=\".svg\"]{width:48px}.elementor-widget-image img{vertical-align:middle;display:inline-block}<\/style>\t\t\t\t\t\t\t\t\t\t<img decoding=\"async\" width=\"40\" height=\"18\" src=\"https:\/\/ahporticcioli.com\/wp-content\/uploads\/2021\/04\/logo-ah.png\" class=\"attachment-large size-large wp-image-2727\" alt=\"\" \/>\t\t\t\t\t\t\t\t\t\t\t\t\t<\/div>\n\t\t\t\t<\/div>\n\t\t\t\t<div class=\"elementor-element elementor-element-b72d1be elementor-widget elementor-widget-heading\" data-id=\"b72d1be\" data-element_type=\"widget\" data-widget_type=\"heading.default\">\n\t\t\t\t<div class=\"elementor-widget-container\">\n\t\t\t<style>\/*! elementor - v3.19.0 - 29-01-2024 *\/\n.elementor-heading-title{padding:0;margin:0;line-height:1}.elementor-widget-heading .elementor-heading-title[class*=elementor-size-]>a{color:inherit;font-size:inherit;line-height:inherit}.elementor-widget-heading .elementor-heading-title.elementor-size-small{font-size:15px}.elementor-widget-heading .elementor-heading-title.elementor-size-medium{font-size:19px}.elementor-widget-heading .elementor-heading-title.elementor-size-large{font-size:29px}.elementor-widget-heading .elementor-heading-title.elementor-size-xl{font-size:39px}.elementor-widget-heading .elementor-heading-title.elementor-size-xxl{font-size:59px}<\/style><h2 class=\"elementor-heading-title elementor-size-default\">What to do on Lake Garda<\/h2>\t\t<\/div>\n\t\t\t\t<\/div>\n\t\t\t\t<div class=\"elementor-element elementor-element-5837cd81 elementor-widget elementor-widget-text-editor\" data-id=\"5837cd81\" data-element_type=\"widget\" data-widget_type=\"text-editor.default\">\n\t\t\t\t<div class=\"elementor-widget-container\">\n\t\t\t<style>\/*! elementor - v3.19.0 - 29-01-2024 *\/\n.elementor-widget-text-editor.elementor-drop-cap-view-stacked .elementor-drop-cap{background-color:#69727d;color:#fff}.elementor-widget-text-editor.elementor-drop-cap-view-framed .elementor-drop-cap{color:#69727d;border:3px solid;background-color:transparent}.elementor-widget-text-editor:not(.elementor-drop-cap-view-default) .elementor-drop-cap{margin-top:8px}.elementor-widget-text-editor:not(.elementor-drop-cap-view-default) .elementor-drop-cap-letter{width:1em;height:1em}.elementor-widget-text-editor .elementor-drop-cap{float:left;text-align:center;line-height:1;font-size:50px}.elementor-widget-text-editor .elementor-drop-cap-letter{display:inline-block}<\/style>\t\t\t\t<p style=\"text-align: center;\">A wonder on the water<\/p>\t\t\t\t\t\t<\/div>\n\t\t\t\t<\/div>\n\t\t\t\t<div class=\"elementor-element elementor-element-4d55be06 elementor-widget elementor-widget-qi_addons_for_elementor_separator\" data-id=\"4d55be06\" data-element_type=\"widget\" data-widget_type=\"qi_addons_for_elementor_separator.default\">\n\t\t\t\t<div class=\"elementor-widget-container\">\n\t\t\t<div class=\"qodef-shortcode qodef-m  qodef-qi-separator qodef-qi-clear qodef-separator--standard qodef-position--center\">\n\t<div class=\"qodef-m-line\"><\/div>\n<\/div>\n\t\t<\/div>\n\t\t\t\t<\/div>\n\t\t\t\t<div class=\"elementor-element elementor-element-1a561b3d elementor-widget elementor-widget-text-editor\" data-id=\"1a561b3d\" data-element_type=\"widget\" data-widget_type=\"text-editor.default\">\n\t\t\t\t<div class=\"elementor-widget-container\">\n\t\t\t\t\t\t\tLake Garda is a mosaic of beauty, made up of many unique places to explore. Nature, art, history, culture, wine, and good food. Everything you need to make everyday special.\t\t\t\t\t\t<\/div>\n\t\t\t\t<\/div>\n\t\t\t\t\t<\/div>\n\t\t<\/div>\n\t\t\t\t\t<\/div>\n\t\t<\/section>\n\t\t\t\t<section class=\"elementor-section elementor-top-section elementor-element elementor-element-a7da83b elementor-section-boxed elementor-section-height-default elementor-section-height-default qodef-elementor-content-no\" data-id=\"a7da83b\" data-element_type=\"section\">\n\t\t\t\t\t\t<div class=\"elementor-container elementor-column-gap-default\">\n\t\t\t\t\t<div class=\"elementor-column elementor-col-100 elementor-top-column elementor-element elementor-element-78e192bb\" data-id=\"78e192bb\" data-element_type=\"column\">\n\t\t\t<div class=\"elementor-widget-wrap elementor-element-populated\">\n\t\t\t\t\t\t<div class=\"elementor-element elementor-element-37b6e10 elementor-widget elementor-widget-alloggio_core_centered_slider\" data-id=\"37b6e10\" data-element_type=\"widget\" data-widget_type=\"alloggio_core_centered_slider.default\">\n\t\t\t\t<div class=\"elementor-widget-container\">\n\t\t\t<div class=\"qodef-shortcode qodef-m  qodef-centered-slider qodef-swiper-container  qodef--has-title\" data-options=\"{&quot;slidesPerView&quot;:&quot;auto&quot;,&quot;slidesPerView1440&quot;:&quot;auto&quot;,&quot;slidesPerView1366&quot;:&quot;auto&quot;,&quot;slidesPerView1024&quot;:&quot;auto&quot;,&quot;slidesPerView768&quot;:&quot;1&quot;,&quot;centeredSlides&quot;:&quot;true&quot;}\">\n\t<div class=\"swiper-wrapper\">\n\t\t\t\t\t<div class=\"qodef-m-item swiper-slide\">\n\t\t\t\t\t\t\t\t\t<a href=\"https:\/\/gardalombardia.com\/it\/vacanza\/sport\/golf\" target=\"_blank\">\n\t\t\t\t\t\t\t\t\t<div class=\"qodef-m-image-holder\"><div class=\"qodef-m-image\">\n\t\t\t\t\t\t<img decoding=\"async\" src=\"https:\/\/ahporticcioli.com\/wp-content\/uploads\/2025\/07\/sport-acqua.jpg\" alt=\"\"\/>\n\t\t\t\t\t<\/div><\/div>\n\t\t\t\t\t\t\t\t\t<\/a>\n\t\t\t\t\t\t\t\t\t\t\t\t\t<h3 class=\"qodef-m-title\">Water sports<\/h3>\n\t\t\t\t\t\t\t\t\t\t\t\t\t<span class=\"qodef-m-subtitle\">Lake Garda is known for water sports, primarily sailing with the important regattas that take place every year in the Benacenza waters, but also wakeboarding (water skiing), kitesurfing, windsurfing, canoeing, snorkelling, without forgetting sport most popular aquatic activity of the moment: stand up paddling (SUP).<\/span>\n\t\t\t\t\t\t\t<\/div>\n\t\t\t\t\t<div class=\"qodef-m-item swiper-slide\">\n\t\t\t\t\t\t\t\t\t<a href=\"https:\/\/gardalombardia.com\/it\/vacanza\/sport\/golf\" target=\"_blank\">\n\t\t\t\t\t\t\t\t\t<div class=\"qodef-m-image-holder\"><div class=\"qodef-m-image\">\n\t\t\t\t\t\t<img decoding=\"async\" src=\"https:\/\/ahporticcioli.com\/wp-content\/uploads\/2025\/07\/golf.jpg\" alt=\"\"\/>\n\t\t\t\t\t<\/div><\/div>\n\t\t\t\t\t\t\t\t\t<\/a>\n\t\t\t\t\t\t\t\t\t\t\t\t\t<h3 class=\"qodef-m-title\">Golf on lake Garda<\/h3>\n\t\t\t\t\t\t\t\t\t\t\t\t\t<span class=\"qodef-m-subtitle\">Gardagolf, Arzaga Golf Club, the Colombaro, and Bogliaco Golf Resort: 4 prestigious courses in 4 breathtaking locations.<\/span>\n\t\t\t\t\t\t\t<\/div>\n\t\t\t\t\t<div class=\"qodef-m-item swiper-slide\">\n\t\t\t\t\t\t\t\t\t<a href=\"https:\/\/www.parchidelgarda.com\/\" target=\"_blank\">\n\t\t\t\t\t\t\t\t\t<div class=\"qodef-m-image-holder\"><div class=\"qodef-m-image\">\n\t\t\t\t\t\t<img decoding=\"async\" src=\"https:\/\/ahporticcioli.com\/wp-content\/uploads\/2025\/07\/gardaland.jpg\" alt=\"\"\/>\n\t\t\t\t\t<\/div><\/div>\n\t\t\t\t\t\t\t\t\t<\/a>\n\t\t\t\t\t\t\t\t\t\t\t\t\t<h3 class=\"qodef-m-title\">Amusement parks<\/h3>\n\t\t\t\t\t\t\t\t\t\t\t\t\t<span class=\"qodef-m-subtitle\">Gardaland, Caneva, Movieland, Parco Natura Viva, Parco Giardino Sigurt\u00e0, Jungle Adventure Park and many others: fun for all tastes.<\/span>\n\t\t\t\t\t\t\t<\/div>\n\t\t\t\t\t<div class=\"qodef-m-item swiper-slide\">\n\t\t\t\t\t\t\t\t\t<div class=\"qodef-m-image-holder\"><div class=\"qodef-m-image\">\n\t\t\t\t\t\t<img decoding=\"async\" src=\"https:\/\/ahporticcioli.com\/wp-content\/uploads\/2021\/04\/sirmione.jpg\" alt=\"\"\/>\n\t\t\t\t\t<\/div><\/div>\n\t\t\t\t\t\t\t\t\t\t\t\t\t<h3 class=\"qodef-m-title\">Sirmione<\/h3>\n\t\t\t\t\t\t\t\t\t\t\t\t\t<span class=\"qodef-m-subtitle\">The jewel of Lake Garda, known for its ancient historic centre, its fortress, the Caves of Catullo, and its famous hot springs.<\/span>\n\t\t\t\t\t\t\t<\/div>\n\t\t\t\t\t<div class=\"qodef-m-item swiper-slide\">\n\t\t\t\t\t\t\t\t\t<a href=\"https:\/\/hellergarden.com\/it\/\" target=\"_blank\">\n\t\t\t\t\t\t\t\t\t<div class=\"qodef-m-image-holder\"><div class=\"qodef-m-image\">\n\t\t\t\t\t\t<img decoding=\"async\" src=\"https:\/\/ahporticcioli.com\/wp-content\/uploads\/2021\/04\/heller-garden.jpg\" alt=\"\"\/>\n\t\t\t\t\t<\/div><\/div>\n\t\t\t\t\t\t\t\t\t<\/a>\n\t\t\t\t\t\t\t\t\t\t\t\t\t<h3 class=\"qodef-m-title\">Heller Garden<\/h3>\n\t\t\t\t\t\t\t\t\t\t\t\t\t<span class=\"qodef-m-subtitle\">A unique botanical garden, with over 3,000 species of plants from all around the world, enhanced with sculptures by internationally acclaimed artists.<\/span>\n\t\t\t\t\t\t\t<\/div>\n\t\t\t\t\t<div class=\"qodef-m-item swiper-slide\">\n\t\t\t\t\t\t\t\t\t<div class=\"qodef-m-image-holder\"><div class=\"qodef-m-image\">\n\t\t\t\t\t\t<img decoding=\"async\" src=\"https:\/\/ahporticcioli.com\/wp-content\/uploads\/2021\/04\/salo.jpg\" alt=\"\"\/>\n\t\t\t\t\t<\/div><\/div>\n\t\t\t\t\t\t\t\t\t\t\t\t\t<h3 class=\"qodef-m-title\">Sal\u00f2<\/h3>\n\t\t\t\t\t\t\t\t\t\t\t\t\t<span class=\"qodef-m-subtitle\">A city rich in history at the centre of the picturesque gulf, located along the splendid Riviera dei Limoni, famous for its year-round mild climate.<\/span>\n\t\t\t\t\t\t\t<\/div>\n\t\t\t\t\t<div class=\"qodef-m-item swiper-slide\">\n\t\t\t\t\t\t\t\t\t<a href=\"https:\/\/www.vittoriale.it\/\" target=\"_blank\">\n\t\t\t\t\t\t\t\t\t<div class=\"qodef-m-image-holder\"><div class=\"qodef-m-image\">\n\t\t\t\t\t\t<img decoding=\"async\" src=\"https:\/\/ahporticcioli.com\/wp-content\/uploads\/2021\/04\/vittoriale.jpg\" alt=\"\"\/>\n\t\t\t\t\t<\/div><\/div>\n\t\t\t\t\t\t\t\t\t<\/a>\n\t\t\t\t\t\t\t\t\t\t\t\t\t<h3 class=\"qodef-m-title\">Il Vittoriale degli Italiani<\/h3>\n\t\t\t\t\t\t\t\t\t\t\t\t\t<span class=\"qodef-m-subtitle\">The large monumental complex commissioned by Gabriele D\u2019Annunzio, an open-air museum full of pathways and gardens, with a splendid amphitheatre overlooking the lake.<\/span>\n\t\t\t\t\t\t\t<\/div>\n\t\t\t\t\t<div class=\"qodef-m-item swiper-slide\">\n\t\t\t\t\t\t\t\t\t<a href=\"https:\/\/casadelvinovaltenesi.it\/\" target=\"_blank\">\n\t\t\t\t\t\t\t\t\t<div class=\"qodef-m-image-holder\"><div class=\"qodef-m-image\">\n\t\t\t\t\t\t<img decoding=\"async\" src=\"https:\/\/ahporticcioli.com\/wp-content\/uploads\/2021\/04\/vino.jpg\" alt=\"\"\/>\n\t\t\t\t\t<\/div><\/div>\n\t\t\t\t\t\t\t\t\t<\/a>\n\t\t\t\t\t\t\t\t\t\t\t\t\t<h3 class=\"qodef-m-title\">The wine road<\/h3>\n\t\t\t\t\t\t\t\t\t\t\t\t\t<span class=\"qodef-m-subtitle\">The area around Lake Garda and the nearby valleys are famous for their production of high quality wines that are exported around the world. A tour of the most prestigious wineries is a perfect way to appreciate them and to become familiar with the rich local culinary traditions.<\/span>\n\t\t\t\t\t\t\t<\/div>\n\t\t\t\t\t<div class=\"qodef-m-item swiper-slide\">\n\t\t\t\t\t\t\t\t\t<a href=\"https:\/\/gardalombardia.com\/it\/tours\" target=\"_blank\">\n\t\t\t\t\t\t\t\t\t<div class=\"qodef-m-image-holder\"><div class=\"qodef-m-image\">\n\t\t\t\t\t\t<img decoding=\"async\" src=\"https:\/\/ahporticcioli.com\/wp-content\/uploads\/2024\/01\/percorsi-trekking.jpg\" alt=\"\"\/>\n\t\t\t\t\t<\/div><\/div>\n\t\t\t\t\t\t\t\t\t<\/a>\n\t\t\t\t\t\t\t\t\t\t\t\t\t<h3 class=\"qodef-m-title\">Trekking routes<\/h3>\n\t\t\t\t\t\t\t\t\t\t\t\t\t<span class=\"qodef-m-subtitle\">With a sinuous territory full of truly unique naturalistic corners, Lake Garda is an extraordinary destination for those who love trekking, excursions and walks, of short or long duration, in the mountains, hills or plains.<\/span>\n\t\t\t\t\t\t\t<\/div>\n\t\t\t\t\t<div class=\"qodef-m-item swiper-slide\">\n\t\t\t\t\t\t\t\t\t<a href=\"https:\/\/museodisalo.it\/\" target=\"_blank\">\n\t\t\t\t\t\t\t\t\t<div class=\"qodef-m-image-holder\"><div class=\"qodef-m-image\">\n\t\t\t\t\t\t<img decoding=\"async\" src=\"https:\/\/ahporticcioli.com\/wp-content\/uploads\/2024\/01\/musa.jpg\" alt=\"\"\/>\n\t\t\t\t\t<\/div><\/div>\n\t\t\t\t\t\t\t\t\t<\/a>\n\t\t\t\t\t\t\t\t\t\t\t\t\t<h3 class=\"qodef-m-title\">Musa<\/h3>\n\t\t\t\t\t\t\t\t\t\t\t\t\t<span class=\"qodef-m-subtitle\">II MuSa, Sal\u00f2 museum, tells the history of the city of Sal\u00f2 and its territory through a detailed chronological journey. Located in the upper part of the historic center of Sal\u00f2, in a dominant position and a stone's throw from the lake, the MuSa interprets the evolution of the city and its territory from Roman times to today.<\/span>\n\t\t\t\t\t\t\t<\/div>\n\t\t\t\t\t<div class=\"qodef-m-item swiper-slide\">\n\t\t\t\t\t\t\t\t\t<a href=\"https:\/\/www.isoladelgarda.com\/\" target=\"_blank\">\n\t\t\t\t\t\t\t\t\t<div class=\"qodef-m-image-holder\"><div class=\"qodef-m-image\">\n\t\t\t\t\t\t<img decoding=\"async\" src=\"https:\/\/ahporticcioli.com\/wp-content\/uploads\/2024\/01\/isole-del-garda.jpg\" alt=\"\"\/>\n\t\t\t\t\t<\/div><\/div>\n\t\t\t\t\t\t\t\t\t<\/a>\n\t\t\t\t\t\t\t\t\t\t\t\t\t<h3 class=\"qodef-m-title\">Garda Island<\/h3>\n\t\t\t\t\t\t\t\t\t\t\t\t\t<span class=\"qodef-m-subtitle\">The island is located on the Brescia shore of Lake Garda, a few fathoms of water from San Felice del Benaco. Today it owes its charm above all to the extraordinary Venetian neo-Gothic style villa, designed by the architect Luigi Rovelli in the early 1900s.<\/span>\n\t\t\t\t\t\t\t<\/div>\n\t\t\t\t\t<div class=\"qodef-m-item swiper-slide\">\n\t\t\t\t\t\t\t\t\t<a href=\"https:\/\/www.valledellecartiere.it\/it\/\" target=\"_blank\">\n\t\t\t\t\t\t\t\t\t<div class=\"qodef-m-image-holder\"><div class=\"qodef-m-image\">\n\t\t\t\t\t\t<img decoding=\"async\" src=\"https:\/\/ahporticcioli.com\/wp-content\/uploads\/2024\/01\/valle-delle-cartiere.jpg\" alt=\"\"\/>\n\t\t\t\t\t<\/div><\/div>\n\t\t\t\t\t\t\t\t\t<\/a>\n\t\t\t\t\t\t\t\t\t\t\t\t\t<h3 class=\"qodef-m-title\">Paper Mill Valley<\/h3>\n\t\t\t\t\t\t\t\t\t\t\t\t\t<span class=\"qodef-m-subtitle\">The Valle delle Cartiere Foundation, established by the Municipality of Toscolano Maderno, the company Burgo Group Spa and the Toscolano Paper Mill Elderly Workers Association, has as its aim the promotion and development of the Valle delle Cartiere and of the paper culture, through the promotion and organization of cultural events.<\/span>\n\t\t\t\t\t\t\t<\/div>\n\t\t\t\t\t<div class=\"qodef-m-item swiper-slide\">\n\t\t\t\t\t\t\t\t\t<a href=\"https:\/\/www.bergamobytuktuk.com\/en\/\" target=\"_blank\">\n\t\t\t\t\t\t\t\t\t<div class=\"qodef-m-image-holder\"><div class=\"qodef-m-image\">\n\t\t\t\t\t\t<img decoding=\"async\" src=\"https:\/\/ahporticcioli.com\/wp-content\/uploads\/2024\/04\/TUK-TUK.png\" alt=\"\"\/>\n\t\t\t\t\t<\/div><\/div>\n\t\t\t\t\t\t\t\t\t<\/a>\n\t\t\t\t\t\t\t\t\t\t\t\t\t<h3 class=\"qodef-m-title\">Discover Bergamo in Tuk Tuk<\/h3>\n\t\t\t\t\t\t\t\t\t\t\t\t\t<span class=\"qodef-m-subtitle\">Discover Bergamo in an original way: get on our Tuk Tuks! We will take you on a journey to discover Bergamo\u2019s most picturesque and characteristic corners, in the trendiest possible way.<\/span>\n\t\t\t\t\t\t\t<\/div>\n\t\t\t\t\t<div class=\"qodef-m-item swiper-slide\">\n\t\t\t\t\t\t\t\t\t<a href=\"https:\/\/gardalombardia.com\/it\/limoni-e-limonaie-del-garda\" target=\"_blank\">\n\t\t\t\t\t\t\t\t\t<div class=\"qodef-m-image-holder\"><div class=\"qodef-m-image\">\n\t\t\t\t\t\t<img decoding=\"async\" src=\"https:\/\/ahporticcioli.com\/wp-content\/uploads\/2024\/01\/limonaia-di-gargnano.jpg\" alt=\"\"\/>\n\t\t\t\t\t<\/div><\/div>\n\t\t\t\t\t\t\t\t\t<\/a>\n\t\t\t\t\t\t\t\t\t\t\t\t\t<h3 class=\"qodef-m-title\">Gargnano lemon house<\/h3>\n\t\t\t\t\t\t\t\t\t\t\t\t\t<span class=\"qodef-m-subtitle\">The cultivation of citrus fruits on the Brescia side of Lake Garda is a tradition that has its roots in the 13th century. Over time, different varieties of citrus fruits have been added and the lemon groves have become an integral part of the landscape thanks to the work of skilled farmers.<\/span>\n\t\t\t\t\t\t\t<\/div>\n\t\t\t\t\t<div class=\"qodef-m-item swiper-slide\">\n\t\t\t\t\t\t\t\t\t<a href=\"https:\/\/gardalombardia.com\/it\/vacanza\/sport\/bike\" target=\"_blank\">\n\t\t\t\t\t\t\t\t\t<div class=\"qodef-m-image-holder\"><div class=\"qodef-m-image\">\n\t\t\t\t\t\t<img decoding=\"async\" src=\"https:\/\/ahporticcioli.com\/wp-content\/uploads\/2024\/01\/bike.jpg\" alt=\"\"\/>\n\t\t\t\t\t<\/div><\/div>\n\t\t\t\t\t\t\t\t\t<\/a>\n\t\t\t\t\t\t\t\t\t\t\t\t\t<h3 class=\"qodef-m-title\">Bike<\/h3>\n\t\t\t\t\t\t\t\t\t\t\t\t\t<span class=\"qodef-m-subtitle\">The vibrations of the bicycle on the dirt road, the sun caressing your face and finally the arrival at Malga Tombea among the green meadows of Magasa. Set change: you pedal calmly on the cycle path that leads from Desenzano del Garda to Sirmione with your eyes full of the blue of the lake. Routes for those who experience cycling as a challenge and for those who use it as a means of discovering the area in peace.<\/span>\n\t\t\t\t\t\t\t<\/div>\n\t\t\t<\/div>\n\t\t\t<div class=\"swiper-navigation\">\n\t\t\t<div class=\"swiper-button-next \"><svg xmlns=\"http:\/\/www.w3.org\/2000\/svg\" xmlns:xlink=\"http:\/\/www.w3.org\/1999\/xlink\" x=\"0px\" y=\"0px\" viewBox=\"0 0 26 50.9\" xml:space=\"preserve\"><polyline points=\"0.4,50.6 25.3,25.5 0.4,0.4 \"\/><\/svg><\/div>\n<div class=\"swiper-button-prev \"><svg xmlns=\"http:\/\/www.w3.org\/2000\/svg\" xmlns:xlink=\"http:\/\/www.w3.org\/1999\/xlink\" x=\"0px\" y=\"0px\" viewBox=\"0 0 26 50.9\" xml:space=\"preserve\"><polyline points=\"25.6,0.4 0.7,25.5 25.6,50.6 \"\/><\/svg><\/div>\t\t<\/div>\n\t\t<\/div>\t\t<\/div>\n\t\t\t\t<\/div>\n\t\t\t\t\t<\/div>\n\t\t<\/div>\n\t\t\t\t\t<\/div>\n\t\t<\/section>\n\t\t\t\t<section class=\"elementor-section elementor-top-section elementor-element elementor-element-1dcb62cf elementor-section-full_width elementor-section-stretched elementor-section-height-default elementor-section-height-default qodef-elementor-content-no\" data-id=\"1dcb62cf\" data-element_type=\"section\" data-settings=\"{&quot;stretch_section&quot;:&quot;section-stretched&quot;,&quot;background_background&quot;:&quot;classic&quot;}\">\n\t\t\t\t\t\t<div class=\"elementor-container elementor-column-gap-default\">\n\t\t\t\t\t<div class=\"elementor-column elementor-col-100 elementor-top-column elementor-element elementor-element-1bc2d797\" data-id=\"1bc2d797\" data-element_type=\"column\">\n\t\t\t<div class=\"elementor-widget-wrap elementor-element-populated\">\n\t\t\t\t\t\t<div class=\"elementor-element elementor-element-17ab76b elementor-widget elementor-widget-image\" data-id=\"17ab76b\" data-element_type=\"widget\" data-widget_type=\"image.default\">\n\t\t\t\t<div class=\"elementor-widget-container\">\n\t\t\t\t\t\t\t\t\t\t\t\t\t<img decoding=\"async\" width=\"40\" height=\"18\" src=\"https:\/\/ahporticcioli.com\/wp-content\/uploads\/2021\/04\/logo-ah.png\" class=\"attachment-large size-large wp-image-2727\" alt=\"\" \/>\t\t\t\t\t\t\t\t\t\t\t\t\t<\/div>\n\t\t\t\t<\/div>\n\t\t\t\t<div class=\"elementor-element elementor-element-1dab9740 elementor-widget elementor-widget-heading\" data-id=\"1dab9740\" data-element_type=\"widget\" data-widget_type=\"heading.default\">\n\t\t\t\t<div class=\"elementor-widget-container\">\n\t\t\t<h2 class=\"elementor-heading-title elementor-size-default\">Subscribe to Ah Porticcioli Newsletter<\/h2>\t\t<\/div>\n\t\t\t\t<\/div>\n\t\t\t\t<div class=\"elementor-element elementor-element-1d8367ec elementor-widget elementor-widget-text-editor\" data-id=\"1d8367ec\" data-element_type=\"widget\" data-widget_type=\"text-editor.default\">\n\t\t\t\t<div class=\"elementor-widget-container\">\n\t\t\t\t\t\t\t<p style=\"text-align: center;\">Stay up to date on our exclusive offers<\/p>\t\t\t\t\t\t<\/div>\n\t\t\t\t<\/div>\n\t\t\t\t<div class=\"elementor-element elementor-element-1af92ae8 elementor-mobile-align-center elementor-align-center elementor-widget elementor-widget-button\" data-id=\"1af92ae8\" data-element_type=\"widget\" data-widget_type=\"button.default\">\n\t\t\t\t<div class=\"elementor-widget-container\">\n\t\t\t\t\t<div class=\"elementor-button-wrapper\">\n\t\t\t<a class=\"elementor-button elementor-button-link elementor-size-sm\" href=\"#elementor-action%3Aaction%3Dpopup%3Aopen%26settings%3DeyJpZCI6NzQyOCwidG9nZ2xlIjpmYWxzZX0%3D\">\n\t\t\t\t\t\t<span class=\"elementor-button-content-wrapper\">\n\t\t\t\t\t\t<span class=\"elementor-button-text\">ISCRIVITI <\/span>\n\t\t<\/span>\n\t\t\t\t\t<\/a>\n\t\t<\/div>\n\t\t\t\t<\/div>\n\t\t\t\t<\/div>\n\t\t\t\t\t<\/div>\n\t\t<\/div>\n\t\t\t\t\t<\/div>\n\t\t<\/section>\n\t\t\t\t<\/div>\n\t\t","protected":false},"excerpt":{"rendered":"<p>What to do on Lake Garda A wonder on the water Lake Garda is a mosaic of beauty, made up of many unique places to explore. Nature, art, history, culture, wine, and good food. Everything you need to make everyday special. Water sports Lake Garda is known for water sports, primarily sailing with the important [&hellip;]<\/p>\n","protected":false},"author":3,"featured_media":0,"parent":0,"menu_order":0,"comment_status":"closed","ping_status":"closed","template":"","meta":{"inline_featured_image":false,"footnotes":""},"class_list":["post-15533","page","type-page","status-publish","hentry"],"_links":{"self":[{"href":"https:\/\/ahporticcioli.com\/en\/wp-json\/wp\/v2\/pages\/15533"}],"collection":[{"href":"https:\/\/ahporticcioli.com\/en\/wp-json\/wp\/v2\/pages"}],"about":[{"href":"https:\/\/ahporticcioli.com\/en\/wp-json\/wp\/v2\/types\/page"}],"author":[{"embeddable":true,"href":"https:\/\/ahporticcioli.com\/en\/wp-json\/wp\/v2\/users\/3"}],"replies":[{"embeddable":true,"href":"https:\/\/ahporticcioli.com\/en\/wp-json\/wp\/v2\/comments?post=15533"}],"version-history":[{"count":33,"href":"https:\/\/ahporticcioli.com\/en\/wp-json\/wp\/v2\/pages\/15533\/revisions"}],"predecessor-version":[{"id":18250,"href":"https:\/\/ahporticcioli.com\/en\/wp-json\/wp\/v2\/pages\/15533\/revisions\/18250"}],"wp:attachment":[{"href":"https:\/\/ahporticcioli.com\/en\/wp-json\/wp\/v2\/media?parent=15533"}],"curies":[{"name":"wp","href":"https:\/\/api.w.org\/{rel}","templated":true}]}}