{"id":15550,"date":"2024-01-19T12:49:27","date_gmt":"2024-01-19T12:49:27","guid":{"rendered":"https:\/\/ahporticcioli.com\/?page_id=15550"},"modified":"2025-07-30T12:35:08","modified_gmt":"2025-07-30T12:35:08","slug":"was-man-am-gardasee-unternehmen-kann","status":"publish","type":"page","link":"https:\/\/ahporticcioli.com\/de\/was-man-am-gardasee-unternehmen-kann\/","title":{"rendered":"Was man am Gardasee unternehmen kann"},"content":{"rendered":"\t\t<div data-elementor-type=\"wp-page\" data-elementor-id=\"15550\" class=\"elementor elementor-15550 elementor-15406\" data-elementor-post-type=\"page\">\n\t\t\t\t\t\t<div class=\"elementor-section elementor-top-section elementor-element elementor-element-efe3b06 elementor-section-stretched elementor-section-height-min-height elementor-section-boxed elementor-section-height-default elementor-section-items-middle qodef-elementor-content-no\" data-id=\"efe3b06\" data-element_type=\"section\" data-settings=\"{&quot;stretch_section&quot;:&quot;section-stretched&quot;,&quot;background_background&quot;:&quot;classic&quot;}\">\n\t\t\t\t\t\t\t<div class=\"elementor-background-overlay\"><\/div>\n\t\t\t\t\t\t\t<div class=\"elementor-container elementor-column-gap-no\">\n\t\t\t\t\t<div class=\"elementor-column elementor-col-100 elementor-top-column elementor-element elementor-element-ac0ca6a\" data-id=\"ac0ca6a\" data-element_type=\"column\">\n\t\t\t<div class=\"elementor-widget-wrap\">\n\t\t\t\t\t\t\t<\/div>\n\t\t<\/div>\n\t\t\t\t\t<\/div>\n\t\t<\/div>\n\t\t\t\t<section class=\"elementor-section elementor-top-section elementor-element elementor-element-8bf2b7f elementor-section-boxed elementor-section-height-default elementor-section-height-default qodef-elementor-content-no\" data-id=\"8bf2b7f\" data-element_type=\"section\">\n\t\t\t\t\t\t<div class=\"elementor-container elementor-column-gap-default\">\n\t\t\t\t\t<div class=\"elementor-column elementor-col-100 elementor-top-column elementor-element elementor-element-0079ba3\" data-id=\"0079ba3\" data-element_type=\"column\">\n\t\t\t<div class=\"elementor-widget-wrap elementor-element-populated\">\n\t\t\t\t\t\t<div class=\"elementor-element elementor-element-76fde8b elementor-widget elementor-widget-image\" data-id=\"76fde8b\" data-element_type=\"widget\" data-widget_type=\"image.default\">\n\t\t\t\t<div class=\"elementor-widget-container\">\n\t\t\t<style>\/*! elementor - v3.19.0 - 29-01-2024 *\/\n.elementor-widget-image{text-align:center}.elementor-widget-image a{display:inline-block}.elementor-widget-image a img[src$=\".svg\"]{width:48px}.elementor-widget-image img{vertical-align:middle;display:inline-block}<\/style>\t\t\t\t\t\t\t\t\t\t<img decoding=\"async\" width=\"40\" height=\"18\" src=\"https:\/\/ahporticcioli.com\/wp-content\/uploads\/2021\/04\/logo-ah.png\" class=\"attachment-large size-large wp-image-2727\" alt=\"\" \/>\t\t\t\t\t\t\t\t\t\t\t\t\t<\/div>\n\t\t\t\t<\/div>\n\t\t\t\t<div class=\"elementor-element elementor-element-57be7c2 elementor-widget elementor-widget-heading\" data-id=\"57be7c2\" data-element_type=\"widget\" data-widget_type=\"heading.default\">\n\t\t\t\t<div class=\"elementor-widget-container\">\n\t\t\t<style>\/*! elementor - v3.19.0 - 29-01-2024 *\/\n.elementor-heading-title{padding:0;margin:0;line-height:1}.elementor-widget-heading .elementor-heading-title[class*=elementor-size-]>a{color:inherit;font-size:inherit;line-height:inherit}.elementor-widget-heading .elementor-heading-title.elementor-size-small{font-size:15px}.elementor-widget-heading .elementor-heading-title.elementor-size-medium{font-size:19px}.elementor-widget-heading .elementor-heading-title.elementor-size-large{font-size:29px}.elementor-widget-heading .elementor-heading-title.elementor-size-xl{font-size:39px}.elementor-widget-heading .elementor-heading-title.elementor-size-xxl{font-size:59px}<\/style><h2 class=\"elementor-heading-title elementor-size-default\">Erleben Sie den Gardasee<\/h2>\t\t<\/div>\n\t\t\t\t<\/div>\n\t\t\t\t<div class=\"elementor-element elementor-element-c296f2f elementor-widget elementor-widget-text-editor\" data-id=\"c296f2f\" data-element_type=\"widget\" data-widget_type=\"text-editor.default\">\n\t\t\t\t<div class=\"elementor-widget-container\">\n\t\t\t<style>\/*! elementor - v3.19.0 - 29-01-2024 *\/\n.elementor-widget-text-editor.elementor-drop-cap-view-stacked .elementor-drop-cap{background-color:#69727d;color:#fff}.elementor-widget-text-editor.elementor-drop-cap-view-framed .elementor-drop-cap{color:#69727d;border:3px solid;background-color:transparent}.elementor-widget-text-editor:not(.elementor-drop-cap-view-default) .elementor-drop-cap{margin-top:8px}.elementor-widget-text-editor:not(.elementor-drop-cap-view-default) .elementor-drop-cap-letter{width:1em;height:1em}.elementor-widget-text-editor .elementor-drop-cap{float:left;text-align:center;line-height:1;font-size:50px}.elementor-widget-text-editor .elementor-drop-cap-letter{display:inline-block}<\/style>\t\t\t\t<p style=\"text-align: center;\">Eine Wundersp\u00fclung mit dem Wasser<\/p>\t\t\t\t\t\t<\/div>\n\t\t\t\t<\/div>\n\t\t\t\t<div class=\"elementor-element elementor-element-5a9fccf elementor-widget elementor-widget-qi_addons_for_elementor_separator\" data-id=\"5a9fccf\" data-element_type=\"widget\" data-widget_type=\"qi_addons_for_elementor_separator.default\">\n\t\t\t\t<div class=\"elementor-widget-container\">\n\t\t\t<div class=\"qodef-shortcode qodef-m  qodef-qi-separator qodef-qi-clear qodef-separator--standard qodef-position--center\">\n\t<div class=\"qodef-m-line\"><\/div>\n<\/div>\n\t\t<\/div>\n\t\t\t\t<\/div>\n\t\t\t\t<div class=\"elementor-element elementor-element-13353ff elementor-widget elementor-widget-text-editor\" data-id=\"13353ff\" data-element_type=\"widget\" data-widget_type=\"text-editor.default\">\n\t\t\t\t<div class=\"elementor-widget-container\">\n\t\t\t\t\t\t\t<p>Der Gardasee ist ein Sch\u00f6nheitsmosaik und bestehet aus so vielen einzigartigen Orten, die du kennenlernen kannst.<\/p><p>Natur, Kunst, Geschichte, Kultur, Wein und gutes Essen. Nichts fehlt, damit jeder Tag etwas Besonderes wird.<\/p>\t\t\t\t\t\t<\/div>\n\t\t\t\t<\/div>\n\t\t\t\t\t<\/div>\n\t\t<\/div>\n\t\t\t\t\t<\/div>\n\t\t<\/section>\n\t\t\t\t<section class=\"elementor-section elementor-top-section elementor-element elementor-element-40716ff elementor-section-boxed elementor-section-height-default elementor-section-height-default qodef-elementor-content-no\" data-id=\"40716ff\" data-element_type=\"section\">\n\t\t\t\t\t\t<div class=\"elementor-container elementor-column-gap-default\">\n\t\t\t\t\t<div class=\"elementor-column elementor-col-100 elementor-top-column elementor-element elementor-element-e32639d\" data-id=\"e32639d\" data-element_type=\"column\">\n\t\t\t<div class=\"elementor-widget-wrap elementor-element-populated\">\n\t\t\t\t\t\t<div class=\"elementor-element elementor-element-a20e884 elementor-widget elementor-widget-alloggio_core_centered_slider\" data-id=\"a20e884\" data-element_type=\"widget\" data-widget_type=\"alloggio_core_centered_slider.default\">\n\t\t\t\t<div class=\"elementor-widget-container\">\n\t\t\t<div class=\"qodef-shortcode qodef-m  qodef-centered-slider qodef-swiper-container  qodef--has-title\" data-options=\"{&quot;slidesPerView&quot;:&quot;auto&quot;,&quot;slidesPerView1440&quot;:&quot;auto&quot;,&quot;slidesPerView1366&quot;:&quot;auto&quot;,&quot;slidesPerView1024&quot;:&quot;auto&quot;,&quot;slidesPerView768&quot;:&quot;1&quot;,&quot;centeredSlides&quot;:&quot;true&quot;}\">\n\t<div class=\"swiper-wrapper\">\n\t\t\t\t\t<div class=\"qodef-m-item swiper-slide\">\n\t\t\t\t\t\t\t\t\t<a href=\"https:\/\/gardalombardia.com\/it\/vacanza\/sport\/golf\" target=\"_blank\">\n\t\t\t\t\t\t\t\t\t<div class=\"qodef-m-image-holder\"><div class=\"qodef-m-image\">\n\t\t\t\t\t\t<img decoding=\"async\" src=\"https:\/\/ahporticcioli.com\/wp-content\/uploads\/2025\/07\/sport-acqua.jpg\" alt=\"\"\/>\n\t\t\t\t\t<\/div><\/div>\n\t\t\t\t\t\t\t\t\t<\/a>\n\t\t\t\t\t\t\t\t\t\t\t\t\t<h3 class=\"qodef-m-title\">Wassersport<\/h3>\n\t\t\t\t\t\t\t\t\t\t\t\t\t<span class=\"qodef-m-subtitle\">Der Gardasee ist f\u00fcr Wassersportarten bekannt, vor allem Segeln mit den wichtigen Regatten, die jedes Jahr in den Gew\u00e4ssern von Benacenza stattfinden, aber auch Wakeboarden (Wasserski), Kitesurfen, Windsurfen, Kanufahren, Schnorcheln und nicht zu vergessen die derzeit beliebteste Wassersportart : Stand-Up-Paddeln (SUP).<\/span>\n\t\t\t\t\t\t\t<\/div>\n\t\t\t\t\t<div class=\"qodef-m-item swiper-slide\">\n\t\t\t\t\t\t\t\t\t<a href=\"https:\/\/gardalombardia.com\/it\/vacanza\/sport\/golf\" target=\"_blank\">\n\t\t\t\t\t\t\t\t\t<div class=\"qodef-m-image-holder\"><div class=\"qodef-m-image\">\n\t\t\t\t\t\t<img decoding=\"async\" src=\"https:\/\/ahporticcioli.com\/wp-content\/uploads\/2025\/07\/golf.jpg\" alt=\"\"\/>\n\t\t\t\t\t<\/div><\/div>\n\t\t\t\t\t\t\t\t\t<\/a>\n\t\t\t\t\t\t\t\t\t\t\t\t\t<h3 class=\"qodef-m-title\">Golf am Gardasee<\/h3>\n\t\t\t\t\t\t\t\t\t\t\t\t\t<span class=\"qodef-m-subtitle\">Gardagolf, Arzaga Golf Club, Colombaro und Bogliaco Golf Resort: 4 ber\u00fchmten Felder mit 4 atemberaubenden Lagen.<\/span>\n\t\t\t\t\t\t\t<\/div>\n\t\t\t\t\t<div class=\"qodef-m-item swiper-slide\">\n\t\t\t\t\t\t\t\t\t<a href=\"https:\/\/www.parchidelgarda.com\/\" target=\"_blank\">\n\t\t\t\t\t\t\t\t\t<div class=\"qodef-m-image-holder\"><div class=\"qodef-m-image\">\n\t\t\t\t\t\t<img decoding=\"async\" src=\"https:\/\/ahporticcioli.com\/wp-content\/uploads\/2025\/07\/gardaland.jpg\" alt=\"\"\/>\n\t\t\t\t\t<\/div><\/div>\n\t\t\t\t\t\t\t\t\t<\/a>\n\t\t\t\t\t\t\t\t\t\t\t\t\t<h3 class=\"qodef-m-title\">Vergn\u00fcgungsparks<\/h3>\n\t\t\t\t\t\t\t\t\t\t\t\t\t<span class=\"qodef-m-subtitle\">Gardaland, Caneva, Movieland, Parco Natura Viva, Parco Giardino Sigurt\u00e0, Jungle Adventure Park und viele mehr: Spa\u00df f\u00fcr jeden Geschmack.<\/span>\n\t\t\t\t\t\t\t<\/div>\n\t\t\t\t\t<div class=\"qodef-m-item swiper-slide\">\n\t\t\t\t\t\t\t\t\t<a href=\"https:\/\/casadelvinovaltenesi.it\/\" target=\"_blank\">\n\t\t\t\t\t\t\t\t\t<div class=\"qodef-m-image-holder\"><div class=\"qodef-m-image\">\n\t\t\t\t\t\t<img decoding=\"async\" src=\"https:\/\/ahporticcioli.com\/wp-content\/uploads\/2021\/04\/vino.jpg\" alt=\"\"\/>\n\t\t\t\t\t<\/div><\/div>\n\t\t\t\t\t\t\t\t\t<\/a>\n\t\t\t\t\t\t\t\t\t\t\t\t\t<h3 class=\"qodef-m-title\">Die weinstrasse<\/h3>\n\t\t\t\t\t\t\t\t\t\t\t\t\t<span class=\"qodef-m-subtitle\">Der Bereich des Gardasees und die nebenliegenden T\u00e4ler sind wegen der Herstellung von Qualit\u00e4tsweinen ber\u00fchmt, der weltweit exportiert wird. Eine Tour der ber\u00fchmtesten Wein-Kellereien ist die ideale Art und Weise, um diese Weine zu sch\u00e4tzen und um die gastronomische Traditionen der Gegend kennenzulernen.<\/span>\n\t\t\t\t\t\t\t<\/div>\n\t\t\t\t\t<div class=\"qodef-m-item swiper-slide\">\n\t\t\t\t\t\t\t\t\t<div class=\"qodef-m-image-holder\"><div class=\"qodef-m-image\">\n\t\t\t\t\t\t<img decoding=\"async\" src=\"https:\/\/ahporticcioli.com\/wp-content\/uploads\/2021\/04\/sirmione.jpg\" alt=\"\"\/>\n\t\t\t\t\t<\/div><\/div>\n\t\t\t\t\t\t\t\t\t\t\t\t\t<h3 class=\"qodef-m-title\">Sirmione<\/h3>\n\t\t\t\t\t\t\t\t\t\t\t\t\t<span class=\"qodef-m-subtitle\">Die Perle vom Gardasee, ber\u00fchmt f\u00fcr die Altstadt, die Festung, die Grotte di Catullo und die ber\u00fchmten Thermen.<\/span>\n\t\t\t\t\t\t\t<\/div>\n\t\t\t\t\t<div class=\"qodef-m-item swiper-slide\">\n\t\t\t\t\t\t\t\t\t<a href=\"https:\/\/hellergarden.com\/it\/\" target=\"_blank\">\n\t\t\t\t\t\t\t\t\t<div class=\"qodef-m-image-holder\"><div class=\"qodef-m-image\">\n\t\t\t\t\t\t<img decoding=\"async\" src=\"https:\/\/ahporticcioli.com\/wp-content\/uploads\/2021\/04\/heller-garden.jpg\" alt=\"\"\/>\n\t\t\t\t\t<\/div><\/div>\n\t\t\t\t\t\t\t\t\t<\/a>\n\t\t\t\t\t\t\t\t\t\t\t\t\t<h3 class=\"qodef-m-title\">Heller Garden<\/h3>\n\t\t\t\t\t\t\t\t\t\t\t\t\t<span class=\"qodef-m-subtitle\">Ein 3.000 botanischer Garten, mit mehr Pflanzenarten die aus der ganzen Welt kommen, bereichert von Skulpturen von weltweit ber\u00fchmten K\u00fcnstlern.<\/span>\n\t\t\t\t\t\t\t<\/div>\n\t\t\t\t\t<div class=\"qodef-m-item swiper-slide\">\n\t\t\t\t\t\t\t\t\t<div class=\"qodef-m-image-holder\"><div class=\"qodef-m-image\">\n\t\t\t\t\t\t<img decoding=\"async\" src=\"https:\/\/ahporticcioli.com\/wp-content\/uploads\/2021\/04\/salo.jpg\" alt=\"\"\/>\n\t\t\t\t\t<\/div><\/div>\n\t\t\t\t\t\t\t\t\t\t\t\t\t<h3 class=\"qodef-m-title\">Sal\u00f2<\/h3>\n\t\t\t\t\t\t\t\t\t\t\t\t\t<span class=\"qodef-m-subtitle\">Eine Stadt reich an Geschichte im Zentrum einer malerischen Bucht die wundervolle Riviera dei Limoni entlang, die ber\u00fchmt ist f\u00fcr das mediterrane Klima das ganze Jahr \u00fcber ist.<\/span>\n\t\t\t\t\t\t\t<\/div>\n\t\t\t\t\t<div class=\"qodef-m-item swiper-slide\">\n\t\t\t\t\t\t\t\t\t<a href=\"https:\/\/www.vittoriale.it\/\" target=\"_blank\">\n\t\t\t\t\t\t\t\t\t<div class=\"qodef-m-image-holder\"><div class=\"qodef-m-image\">\n\t\t\t\t\t\t<img decoding=\"async\" src=\"https:\/\/ahporticcioli.com\/wp-content\/uploads\/2021\/04\/vittoriale.jpg\" alt=\"\"\/>\n\t\t\t\t\t<\/div><\/div>\n\t\t\t\t\t\t\t\t\t<\/a>\n\t\t\t\t\t\t\t\t\t\t\t\t\t<h3 class=\"qodef-m-title\">Der Vittoriale degli Italiani<\/h3>\n\t\t\t\t\t\t\t\t\t\t\t\t\t<span class=\"qodef-m-subtitle\">Der gro\u00dfe monumentale Komplex, der von Gabriele D\u2018Annunzio gewollt wurde, ist ein Museum im Freien, reich an Wanderwegen, G\u00e4rten und mit einem wundervollen Amphitheater mit Blick auf den See.<\/span>\n\t\t\t\t\t\t\t<\/div>\n\t\t\t\t\t<div class=\"qodef-m-item swiper-slide\">\n\t\t\t\t\t\t\t\t\t<a href=\"https:\/\/gardalombardia.com\/it\/tours\" target=\"_blank\">\n\t\t\t\t\t\t\t\t\t<div class=\"qodef-m-image-holder\"><div class=\"qodef-m-image\">\n\t\t\t\t\t\t<img decoding=\"async\" src=\"https:\/\/ahporticcioli.com\/wp-content\/uploads\/2024\/01\/percorsi-trekking.jpg\" alt=\"\"\/>\n\t\t\t\t\t<\/div><\/div>\n\t\t\t\t\t\t\t\t\t<\/a>\n\t\t\t\t\t\t\t\t\t\t\t\t\t<h3 class=\"qodef-m-title\">Trekkingrouten<\/h3>\n\t\t\t\t\t\t\t\t\t\t\t\t\t<span class=\"qodef-m-subtitle\">Mit einem kurvenreichen Gebiet voller wirklich einzigartiger Naturlandschaften ist der Gardasee ein au\u00dfergew\u00f6hnliches Ziel f\u00fcr alle, die Trekking, Ausfl\u00fcge und Spazierg\u00e4nge von kurzer oder l\u00e4ngerer Dauer in den Bergen, H\u00fcgeln oder Ebenen lieben.<\/span>\n\t\t\t\t\t\t\t<\/div>\n\t\t\t\t\t<div class=\"qodef-m-item swiper-slide\">\n\t\t\t\t\t\t\t\t\t<a href=\"https:\/\/www.isoladelgarda.com\/\" target=\"_blank\">\n\t\t\t\t\t\t\t\t\t<div class=\"qodef-m-image-holder\"><div class=\"qodef-m-image\">\n\t\t\t\t\t\t<img decoding=\"async\" src=\"https:\/\/ahporticcioli.com\/wp-content\/uploads\/2024\/01\/isole-del-garda.jpg\" alt=\"\"\/>\n\t\t\t\t\t<\/div><\/div>\n\t\t\t\t\t\t\t\t\t<\/a>\n\t\t\t\t\t\t\t\t\t\t\t\t\t<h3 class=\"qodef-m-title\">Garda-Insel<\/h3>\n\t\t\t\t\t\t\t\t\t\t\t\t\t<span class=\"qodef-m-subtitle\">Die Insel liegt am Ufer des Gardasees in Brescia, nur wenige Meter Wassertiefe von San Felice del Benaco entfernt. Heute verdankt es seinen Charme vor allem der au\u00dfergew\u00f6hnlichen Villa im venezianischen neugotischen Stil, die Anfang des 20. Jahrhunderts vom Architekten Luigi Rovelli entworfen wurde.<\/span>\n\t\t\t\t\t\t\t<\/div>\n\t\t\t\t\t<div class=\"qodef-m-item swiper-slide\">\n\t\t\t\t\t\t\t\t\t<a href=\"https:\/\/museodisalo.it\/\" target=\"_blank\">\n\t\t\t\t\t\t\t\t\t<div class=\"qodef-m-image-holder\"><div class=\"qodef-m-image\">\n\t\t\t\t\t\t<img decoding=\"async\" src=\"https:\/\/ahporticcioli.com\/wp-content\/uploads\/2024\/01\/musa.jpg\" alt=\"\"\/>\n\t\t\t\t\t<\/div><\/div>\n\t\t\t\t\t\t\t\t\t<\/a>\n\t\t\t\t\t\t\t\t\t\t\t\t\t<h3 class=\"qodef-m-title\">Musa<\/h3>\n\t\t\t\t\t\t\t\t\t\t\t\t\t<span class=\"qodef-m-subtitle\">II MuSa, das Sal\u00f2-Museum, erz\u00e4hlt die Geschichte der Stadt Sal\u00f2 und ihres Territoriums anhand einer detaillierten chronologischen Reise. Das MuSa liegt im oberen Teil des historischen Zentrums von Sal\u00f2, in dominanter Lage und nur einen Steinwurf vom See entfernt, und interpretiert die Entwicklung der Stadt und ihres Territoriums von der R\u00f6merzeit bis heute.<\/span>\n\t\t\t\t\t\t\t<\/div>\n\t\t\t\t\t<div class=\"qodef-m-item swiper-slide\">\n\t\t\t\t\t\t\t\t\t<a href=\"https:\/\/www.valledellecartiere.it\/it\/\" target=\"_blank\">\n\t\t\t\t\t\t\t\t\t<div class=\"qodef-m-image-holder\"><div class=\"qodef-m-image\">\n\t\t\t\t\t\t<img decoding=\"async\" src=\"https:\/\/ahporticcioli.com\/wp-content\/uploads\/2024\/01\/valle-delle-cartiere.jpg\" alt=\"\"\/>\n\t\t\t\t\t<\/div><\/div>\n\t\t\t\t\t\t\t\t\t<\/a>\n\t\t\t\t\t\t\t\t\t\t\t\t\t<h3 class=\"qodef-m-title\">Papierfabriktal<\/h3>\n\t\t\t\t\t\t\t\t\t\t\t\t\t<span class=\"qodef-m-subtitle\">Die Stiftung Valle delle Cartiere, gegr\u00fcndet von der Gemeinde Toscolano Maderno, der Firma Burgo Group Spa und dem Verband der \u00e4lteren Arbeitnehmer der Papierfabrik Toscolano, hat sich die F\u00f6rderung und Entwicklung des Valle delle Cartiere und der Papierkultur durch die F\u00f6rderung zum Ziel gesetzt und Organisation kultureller Veranstaltungen.<\/span>\n\t\t\t\t\t\t\t<\/div>\n\t\t\t\t\t<div class=\"qodef-m-item swiper-slide\">\n\t\t\t\t\t\t\t\t\t<a href=\"https:\/\/www.bergamobytuktuk.com\/en\/\" target=\"_blank\">\n\t\t\t\t\t\t\t\t\t<div class=\"qodef-m-image-holder\"><div class=\"qodef-m-image\">\n\t\t\t\t\t\t<img decoding=\"async\" src=\"https:\/\/ahporticcioli.com\/wp-content\/uploads\/2024\/04\/TUK-TUK.png\" alt=\"\"\/>\n\t\t\t\t\t<\/div><\/div>\n\t\t\t\t\t\t\t\t\t<\/a>\n\t\t\t\t\t\t\t\t\t\t\t\t\t<h3 class=\"qodef-m-title\">Discover Bergamo in Tuk Tuk<\/h3>\n\t\t\t\t\t\t\t\t\t\t\t\t\t<span class=\"qodef-m-subtitle\">Discover Bergamo in an original way: get on our Tuk Tuks! We will take you on a journey to discover Bergamo\u2019s most picturesque and characteristic corners, in the trendiest possible way.<\/span>\n\t\t\t\t\t\t\t<\/div>\n\t\t\t\t\t<div class=\"qodef-m-item swiper-slide\">\n\t\t\t\t\t\t\t\t\t<a href=\"https:\/\/gardalombardia.com\/it\/limoni-e-limonaie-del-garda\" target=\"_blank\">\n\t\t\t\t\t\t\t\t\t<div class=\"qodef-m-image-holder\"><div class=\"qodef-m-image\">\n\t\t\t\t\t\t<img decoding=\"async\" src=\"https:\/\/ahporticcioli.com\/wp-content\/uploads\/2024\/01\/limonaia-di-gargnano.jpg\" alt=\"\"\/>\n\t\t\t\t\t<\/div><\/div>\n\t\t\t\t\t\t\t\t\t<\/a>\n\t\t\t\t\t\t\t\t\t\t\t\t\t<h3 class=\"qodef-m-title\">Gargnano-Zitronenhaus<\/h3>\n\t\t\t\t\t\t\t\t\t\t\t\t\t<span class=\"qodef-m-subtitle\">Der Anbau von Zitrusfr\u00fcchten auf der Brescia-Seite des Gardasees ist eine Tradition, die ihre Wurzeln im 13. Jahrhundert hat. Im Laufe der Zeit kamen verschiedene Sorten von Zitrusfr\u00fcchten hinzu und die Zitronenhaine sind dank der Arbeit geschickter Landwirte zu einem festen Bestandteil der Landschaft geworden.<\/span>\n\t\t\t\t\t\t\t<\/div>\n\t\t\t\t\t<div class=\"qodef-m-item swiper-slide\">\n\t\t\t\t\t\t\t\t\t<a href=\"https:\/\/gardalombardia.com\/it\/vacanza\/sport\/bike\" target=\"_blank\">\n\t\t\t\t\t\t\t\t\t<div class=\"qodef-m-image-holder\"><div class=\"qodef-m-image\">\n\t\t\t\t\t\t<img decoding=\"async\" src=\"https:\/\/ahporticcioli.com\/wp-content\/uploads\/2024\/01\/bike.jpg\" alt=\"\"\/>\n\t\t\t\t\t<\/div><\/div>\n\t\t\t\t\t\t\t\t\t<\/a>\n\t\t\t\t\t\t\t\t\t\t\t\t\t<h3 class=\"qodef-m-title\">Fahrrad<\/h3>\n\t\t\t\t\t\t\t\t\t\t\t\t\t<span class=\"qodef-m-subtitle\">Die Vibrationen des Fahrrads auf der unbefestigten Stra\u00dfe, die Sonne, die Ihr Gesicht streichelt und schlie\u00dflich die Ankunft in Malga Tombea inmitten der gr\u00fcnen Wiesen von Magasa. Stellenwechsel: Sie radeln in aller Ruhe auf dem Radweg, der von Desenzano del Garda nach Sirmione f\u00fchrt, mit Blick auf das Blau des Sees. Routen f\u00fcr diejenigen, die das Radfahren als Herausforderung empfinden, und f\u00fcr diejenigen, die es als M\u00f6glichkeit nutzen, die Gegend in Ruhe zu entdecken.<\/span>\n\t\t\t\t\t\t\t<\/div>\n\t\t\t<\/div>\n\t\t\t<div class=\"swiper-navigation\">\n\t\t\t<div class=\"swiper-button-next \"><svg xmlns=\"http:\/\/www.w3.org\/2000\/svg\" xmlns:xlink=\"http:\/\/www.w3.org\/1999\/xlink\" x=\"0px\" y=\"0px\" viewBox=\"0 0 26 50.9\" xml:space=\"preserve\"><polyline points=\"0.4,50.6 25.3,25.5 0.4,0.4 \"\/><\/svg><\/div>\n<div class=\"swiper-button-prev \"><svg xmlns=\"http:\/\/www.w3.org\/2000\/svg\" xmlns:xlink=\"http:\/\/www.w3.org\/1999\/xlink\" x=\"0px\" y=\"0px\" viewBox=\"0 0 26 50.9\" xml:space=\"preserve\"><polyline points=\"25.6,0.4 0.7,25.5 25.6,50.6 \"\/><\/svg><\/div>\t\t<\/div>\n\t\t<\/div>\t\t<\/div>\n\t\t\t\t<\/div>\n\t\t\t\t\t<\/div>\n\t\t<\/div>\n\t\t\t\t\t<\/div>\n\t\t<\/section>\n\t\t\t\t<section class=\"elementor-section elementor-top-section elementor-element elementor-element-9c27251 elementor-section-full_width elementor-section-stretched elementor-section-height-default elementor-section-height-default qodef-elementor-content-no\" data-id=\"9c27251\" data-element_type=\"section\" data-settings=\"{&quot;stretch_section&quot;:&quot;section-stretched&quot;,&quot;background_background&quot;:&quot;classic&quot;}\">\n\t\t\t\t\t\t<div class=\"elementor-container elementor-column-gap-default\">\n\t\t\t\t\t<div class=\"elementor-column elementor-col-100 elementor-top-column elementor-element elementor-element-0cd732d\" data-id=\"0cd732d\" data-element_type=\"column\">\n\t\t\t<div class=\"elementor-widget-wrap elementor-element-populated\">\n\t\t\t\t\t\t<div class=\"elementor-element elementor-element-fbb3879 elementor-widget elementor-widget-image\" data-id=\"fbb3879\" data-element_type=\"widget\" data-widget_type=\"image.default\">\n\t\t\t\t<div class=\"elementor-widget-container\">\n\t\t\t\t\t\t\t\t\t\t\t\t\t<img decoding=\"async\" width=\"40\" height=\"18\" src=\"https:\/\/ahporticcioli.com\/wp-content\/uploads\/2021\/04\/logo-ah.png\" class=\"attachment-large size-large wp-image-2727\" alt=\"\" \/>\t\t\t\t\t\t\t\t\t\t\t\t\t<\/div>\n\t\t\t\t<\/div>\n\t\t\t\t<div class=\"elementor-element elementor-element-9a847b7 elementor-widget elementor-widget-heading\" data-id=\"9a847b7\" data-element_type=\"widget\" data-widget_type=\"heading.default\">\n\t\t\t\t<div class=\"elementor-widget-container\">\n\t\t\t<h2 class=\"elementor-heading-title elementor-size-default\">Abonnieren Sie den Ah Porticcioli Newsletter<\/h2>\t\t<\/div>\n\t\t\t\t<\/div>\n\t\t\t\t<div class=\"elementor-element elementor-element-6d595ee elementor-widget elementor-widget-text-editor\" data-id=\"6d595ee\" data-element_type=\"widget\" data-widget_type=\"text-editor.default\">\n\t\t\t\t<div class=\"elementor-widget-container\">\n\t\t\t\t\t\t\t<p style=\"text-align: center;\">Bleiben Sie \u00fcber unsere exklusiven Angebote auf dem Laufenden<\/p>\t\t\t\t\t\t<\/div>\n\t\t\t\t<\/div>\n\t\t\t\t<div class=\"elementor-element elementor-element-122284c elementor-mobile-align-center elementor-align-center elementor-widget elementor-widget-button\" data-id=\"122284c\" data-element_type=\"widget\" data-widget_type=\"button.default\">\n\t\t\t\t<div class=\"elementor-widget-container\">\n\t\t\t\t\t<div class=\"elementor-button-wrapper\">\n\t\t\t<a class=\"elementor-button elementor-button-link elementor-size-sm\" href=\"#elementor-action%3Aaction%3Dpopup%3Aopen%26settings%3DeyJpZCI6NzU1MiwidG9nZ2xlIjpmYWxzZX0%3D\">\n\t\t\t\t\t\t<span class=\"elementor-button-content-wrapper\">\n\t\t\t\t\t\t<span class=\"elementor-button-text\">ABONNIEREN<\/span>\n\t\t<\/span>\n\t\t\t\t\t<\/a>\n\t\t<\/div>\n\t\t\t\t<\/div>\n\t\t\t\t<\/div>\n\t\t\t\t\t<\/div>\n\t\t<\/div>\n\t\t\t\t\t<\/div>\n\t\t<\/section>\n\t\t\t\t<\/div>\n\t\t","protected":false},"excerpt":{"rendered":"<p>Erleben Sie den Gardasee Eine Wundersp\u00fclung mit dem Wasser Der Gardasee ist ein Sch\u00f6nheitsmosaik und bestehet aus so vielen einzigartigen Orten, die du kennenlernen kannst. Natur, Kunst, Geschichte, Kultur, Wein und gutes Essen. Nichts fehlt, damit jeder Tag etwas Besonderes wird. Wassersport Der Gardasee ist f\u00fcr Wassersportarten bekannt, vor allem Segeln mit den wichtigen Regatten, [&hellip;]<\/p>\n","protected":false},"author":3,"featured_media":0,"parent":0,"menu_order":0,"comment_status":"closed","ping_status":"closed","template":"","meta":{"inline_featured_image":false,"footnotes":""},"class_list":["post-15550","page","type-page","status-publish","hentry"],"_links":{"self":[{"href":"https:\/\/ahporticcioli.com\/de\/wp-json\/wp\/v2\/pages\/15550"}],"collection":[{"href":"https:\/\/ahporticcioli.com\/de\/wp-json\/wp\/v2\/pages"}],"about":[{"href":"https:\/\/ahporticcioli.com\/de\/wp-json\/wp\/v2\/types\/page"}],"author":[{"embeddable":true,"href":"https:\/\/ahporticcioli.com\/de\/wp-json\/wp\/v2\/users\/3"}],"replies":[{"embeddable":true,"href":"https:\/\/ahporticcioli.com\/de\/wp-json\/wp\/v2\/comments?post=15550"}],"version-history":[{"count":24,"href":"https:\/\/ahporticcioli.com\/de\/wp-json\/wp\/v2\/pages\/15550\/revisions"}],"predecessor-version":[{"id":18256,"href":"https:\/\/ahporticcioli.com\/de\/wp-json\/wp\/v2\/pages\/15550\/revisions\/18256"}],"wp:attachment":[{"href":"https:\/\/ahporticcioli.com\/de\/wp-json\/wp\/v2\/media?parent=15550"}],"curies":[{"name":"wp","href":"https:\/\/api.w.org\/{rel}","templated":true}]}}