{"id":11793,"date":"2022-05-27T14:52:26","date_gmt":"2022-05-27T14:52:26","guid":{"rendered":"https:\/\/ahporticcioli.com\/?page_id=11793"},"modified":"2025-07-31T08:57:35","modified_gmt":"2025-07-31T08:57:35","slug":"restaurant","status":"publish","type":"page","link":"https:\/\/ahporticcioli.com\/de\/restaurant\/","title":{"rendered":"Restaurant"},"content":{"rendered":"\t\t<div data-elementor-type=\"wp-page\" data-elementor-id=\"11793\" class=\"elementor elementor-11793 elementor-11787\" data-elementor-post-type=\"page\">\n\t\t\t\t\t\t<div class=\"elementor-section elementor-top-section elementor-element elementor-element-efe3b06 elementor-section-stretched elementor-section-height-min-height elementor-section-boxed elementor-section-height-default elementor-section-items-middle qodef-elementor-content-no\" data-id=\"efe3b06\" data-element_type=\"section\" data-settings=\"{&quot;stretch_section&quot;:&quot;section-stretched&quot;,&quot;background_background&quot;:&quot;classic&quot;}\">\n\t\t\t\t\t\t\t<div class=\"elementor-background-overlay\"><\/div>\n\t\t\t\t\t\t\t<div class=\"elementor-container elementor-column-gap-no\">\n\t\t\t\t\t<div class=\"elementor-column elementor-col-100 elementor-top-column elementor-element elementor-element-ac0ca6a\" data-id=\"ac0ca6a\" data-element_type=\"column\">\n\t\t\t<div class=\"elementor-widget-wrap elementor-element-populated\">\n\t\t\t\t\t\t<div class=\"elementor-element elementor-element-4d7476d elementor-widget elementor-widget-image\" data-id=\"4d7476d\" data-element_type=\"widget\" data-widget_type=\"image.default\">\n\t\t\t\t<div class=\"elementor-widget-container\">\n\t\t\t<style>\/*! elementor - v3.19.0 - 29-01-2024 *\/\n.elementor-widget-image{text-align:center}.elementor-widget-image a{display:inline-block}.elementor-widget-image a img[src$=\".svg\"]{width:48px}.elementor-widget-image img{vertical-align:middle;display:inline-block}<\/style>\t\t\t\t\t\t\t\t\t\t<img fetchpriority=\"high\" decoding=\"async\" width=\"532\" height=\"211\" src=\"https:\/\/ahporticcioli.com\/wp-content\/uploads\/2025\/07\/logo-PORTICCIOLIGarda-ok-1.png\" class=\"attachment-large size-large wp-image-18159\" alt=\"\" srcset=\"https:\/\/ahporticcioli.com\/wp-content\/uploads\/2025\/07\/logo-PORTICCIOLIGarda-ok-1.png 532w, https:\/\/ahporticcioli.com\/wp-content\/uploads\/2025\/07\/logo-PORTICCIOLIGarda-ok-1-300x119.png 300w\" sizes=\"(max-width: 532px) 100vw, 532px\" \/>\t\t\t\t\t\t\t\t\t\t\t\t\t<\/div>\n\t\t\t\t<\/div>\n\t\t\t\t\t<\/div>\n\t\t<\/div>\n\t\t\t\t\t<\/div>\n\t\t<\/div>\n\t\t\t\t<div class=\"elementor-section elementor-top-section elementor-element elementor-element-fd31d12 elementor-section-stretched elementor-section-boxed elementor-section-height-default elementor-section-height-default qodef-elementor-content-no\" data-id=\"fd31d12\" data-element_type=\"section\" data-settings=\"{&quot;stretch_section&quot;:&quot;section-stretched&quot;,&quot;background_background&quot;:&quot;classic&quot;}\">\n\t\t\t\t\t\t<div class=\"elementor-container elementor-column-gap-no\">\n\t\t\t\t\t<div class=\"elementor-column elementor-col-100 elementor-top-column elementor-element elementor-element-7275242\" data-id=\"7275242\" data-element_type=\"column\">\n\t\t\t<div class=\"elementor-widget-wrap elementor-element-populated\">\n\t\t\t\t\t\t<div class=\"elementor-element elementor-element-3178b0c elementor-widget elementor-widget-image\" data-id=\"3178b0c\" data-element_type=\"widget\" data-widget_type=\"image.default\">\n\t\t\t\t<div class=\"elementor-widget-container\">\n\t\t\t\t\t\t\t\t\t\t\t\t\t<img decoding=\"async\" width=\"40\" height=\"18\" src=\"https:\/\/ahporticcioli.com\/wp-content\/uploads\/2021\/04\/logo-ah.png\" class=\"attachment-large size-large wp-image-2727\" alt=\"\" \/>\t\t\t\t\t\t\t\t\t\t\t\t\t<\/div>\n\t\t\t\t<\/div>\n\t\t\t\t<div class=\"elementor-element elementor-element-d2ccc74 elementor-widget elementor-widget-heading\" data-id=\"d2ccc74\" data-element_type=\"widget\" data-widget_type=\"heading.default\">\n\t\t\t\t<div class=\"elementor-widget-container\">\n\t\t\t<style>\/*! elementor - v3.19.0 - 29-01-2024 *\/\n.elementor-heading-title{padding:0;margin:0;line-height:1}.elementor-widget-heading .elementor-heading-title[class*=elementor-size-]>a{color:inherit;font-size:inherit;line-height:inherit}.elementor-widget-heading .elementor-heading-title.elementor-size-small{font-size:15px}.elementor-widget-heading .elementor-heading-title.elementor-size-medium{font-size:19px}.elementor-widget-heading .elementor-heading-title.elementor-size-large{font-size:29px}.elementor-widget-heading .elementor-heading-title.elementor-size-xl{font-size:39px}.elementor-widget-heading .elementor-heading-title.elementor-size-xxl{font-size:59px}<\/style><h2 class=\"elementor-heading-title elementor-size-default\">Restaurant Porticcioli Garda<\/h2>\t\t<\/div>\n\t\t\t\t<\/div>\n\t\t\t\t<div class=\"elementor-element elementor-element-498f9c4 elementor-widget elementor-widget-qi_addons_for_elementor_separator\" data-id=\"498f9c4\" data-element_type=\"widget\" data-widget_type=\"qi_addons_for_elementor_separator.default\">\n\t\t\t\t<div class=\"elementor-widget-container\">\n\t\t\t<div class=\"qodef-shortcode qodef-m  qodef-qi-separator qodef-qi-clear qodef-separator--standard qodef-position--center\">\n\t<div class=\"qodef-m-line\"><\/div>\n<\/div>\n\t\t<\/div>\n\t\t\t\t<\/div>\n\t\t\t\t<div class=\"elementor-element elementor-element-d5294e1 elementor-widget elementor-widget-text-editor\" data-id=\"d5294e1\" data-element_type=\"widget\" data-widget_type=\"text-editor.default\">\n\t\t\t\t<div class=\"elementor-widget-container\">\n\t\t\t<style>\/*! elementor - v3.19.0 - 29-01-2024 *\/\n.elementor-widget-text-editor.elementor-drop-cap-view-stacked .elementor-drop-cap{background-color:#69727d;color:#fff}.elementor-widget-text-editor.elementor-drop-cap-view-framed .elementor-drop-cap{color:#69727d;border:3px solid;background-color:transparent}.elementor-widget-text-editor:not(.elementor-drop-cap-view-default) .elementor-drop-cap{margin-top:8px}.elementor-widget-text-editor:not(.elementor-drop-cap-view-default) .elementor-drop-cap-letter{width:1em;height:1em}.elementor-widget-text-editor .elementor-drop-cap{float:left;text-align:center;line-height:1;font-size:50px}.elementor-widget-text-editor .elementor-drop-cap-letter{display:inline-block}<\/style>\t\t\t\t<p>Ein wahrhaft privilegierter Ort mit einem atemberaubenden Panorama erwartet Sie in Porticcioli Garda: Kommen Sie und entdecken Sie diese bezaubernde Oase der Entspannung und g\u00f6nnen Sie sich einen Moment nur f\u00fcr sich und wen auch immer Sie wollen. Seespezialit\u00e4ten, Crudit\u00e9s mit Meeresfr\u00fcchten, k\u00f6stliche Vorspeisen, exzellente Fleisch- und Fischgerichte und vieles mehr f\u00fcr ein unvergessliches Abendessen, Porticcioli Garda versteht es immer, Ihnen ein einzigartiges Erlebnis zu bieten.<\/p><h4 style=\"text-align: center;\">F\u00fcr Reservierungen: +39 388 8859496<\/h4>\t\t\t\t\t\t<\/div>\n\t\t\t\t<\/div>\n\t\t\t\t<div class=\"elementor-element elementor-element-b79d918 elementor-widget elementor-widget-qi_addons_for_elementor_separator\" data-id=\"b79d918\" data-element_type=\"widget\" data-widget_type=\"qi_addons_for_elementor_separator.default\">\n\t\t\t\t<div class=\"elementor-widget-container\">\n\t\t\t<div class=\"qodef-shortcode qodef-m  qodef-qi-separator qodef-qi-clear qodef-separator--standard qodef-position--center\">\n\t<div class=\"qodef-m-line\"><\/div>\n<\/div>\n\t\t<\/div>\n\t\t\t\t<\/div>\n\t\t\t\t<div class=\"elementor-element elementor-element-7043e79 elementor-widget elementor-widget-spacer\" data-id=\"7043e79\" data-element_type=\"widget\" data-widget_type=\"spacer.default\">\n\t\t\t\t<div class=\"elementor-widget-container\">\n\t\t\t<style>\/*! elementor - v3.19.0 - 29-01-2024 *\/\n.elementor-column .elementor-spacer-inner{height:var(--spacer-size)}.e-con{--container-widget-width:100%}.e-con-inner>.elementor-widget-spacer,.e-con>.elementor-widget-spacer{width:var(--container-widget-width,var(--spacer-size));--align-self:var(--container-widget-align-self,initial);--flex-shrink:0}.e-con-inner>.elementor-widget-spacer>.elementor-widget-container,.e-con>.elementor-widget-spacer>.elementor-widget-container{height:100%;width:100%}.e-con-inner>.elementor-widget-spacer>.elementor-widget-container>.elementor-spacer,.e-con>.elementor-widget-spacer>.elementor-widget-container>.elementor-spacer{height:100%}.e-con-inner>.elementor-widget-spacer>.elementor-widget-container>.elementor-spacer>.elementor-spacer-inner,.e-con>.elementor-widget-spacer>.elementor-widget-container>.elementor-spacer>.elementor-spacer-inner{height:var(--container-widget-height,var(--spacer-size))}.e-con-inner>.elementor-widget-spacer.elementor-widget-empty,.e-con>.elementor-widget-spacer.elementor-widget-empty{position:relative;min-height:22px;min-width:22px}.e-con-inner>.elementor-widget-spacer.elementor-widget-empty .elementor-widget-empty-icon,.e-con>.elementor-widget-spacer.elementor-widget-empty .elementor-widget-empty-icon{position:absolute;top:0;bottom:0;left:0;right:0;margin:auto;padding:0;width:22px;height:22px}<\/style>\t\t<div class=\"elementor-spacer\">\n\t\t\t<div class=\"elementor-spacer-inner\"><\/div>\n\t\t<\/div>\n\t\t\t\t<\/div>\n\t\t\t\t<\/div>\n\t\t\t\t<div class=\"elementor-element elementor-element-61d8b86 elementor-align-center elementor-widget elementor-widget-button\" data-id=\"61d8b86\" data-element_type=\"widget\" data-widget_type=\"button.default\">\n\t\t\t\t<div class=\"elementor-widget-container\">\n\t\t\t\t\t<div class=\"elementor-button-wrapper\">\n\t\t\t<a class=\"elementor-button elementor-button-link elementor-size-sm\" href=\"https:\/\/www.alporticcioli.com\/de\/menu\" target=\"_blank\">\n\t\t\t\t\t\t<span class=\"elementor-button-content-wrapper\">\n\t\t\t\t\t\t<span class=\"elementor-button-text\">Schauen Sie sich die Speisekarte an<\/span>\n\t\t<\/span>\n\t\t\t\t\t<\/a>\n\t\t<\/div>\n\t\t\t\t<\/div>\n\t\t\t\t<\/div>\n\t\t\t\t\t<\/div>\n\t\t<\/div>\n\t\t\t\t\t<\/div>\n\t\t<\/div>\n\t\t\t\t<div class=\"elementor-section elementor-top-section elementor-element elementor-element-d6a38de elementor-section-stretched elementor-section-full_width elementor-section-height-default elementor-section-height-default qodef-elementor-content-no\" data-id=\"d6a38de\" data-element_type=\"section\" data-settings=\"{&quot;stretch_section&quot;:&quot;section-stretched&quot;,&quot;background_background&quot;:&quot;classic&quot;}\">\n\t\t\t\t\t\t<div class=\"elementor-container elementor-column-gap-no\">\n\t\t\t\t\t<div class=\"elementor-column elementor-col-100 elementor-top-column elementor-element elementor-element-013e029\" data-id=\"013e029\" data-element_type=\"column\">\n\t\t\t<div class=\"elementor-widget-wrap elementor-element-populated\">\n\t\t\t\t\t\t<div class=\"elementor-element elementor-element-35b82c0 elementor-widget elementor-widget-alloggio_core_centered_slider\" data-id=\"35b82c0\" data-element_type=\"widget\" data-widget_type=\"alloggio_core_centered_slider.default\">\n\t\t\t\t<div class=\"elementor-widget-container\">\n\t\t\t<div class=\"qodef-shortcode qodef-m  qodef-centered-slider qodef-swiper-container \" data-options=\"{&quot;slidesPerView&quot;:&quot;auto&quot;,&quot;slidesPerView1440&quot;:&quot;auto&quot;,&quot;slidesPerView1366&quot;:&quot;auto&quot;,&quot;slidesPerView1024&quot;:&quot;auto&quot;,&quot;slidesPerView768&quot;:&quot;1&quot;,&quot;centeredSlides&quot;:&quot;true&quot;}\">\n\t<div class=\"swiper-wrapper\">\n\t\t\t\t\t<div class=\"qodef-m-item swiper-slide\">\n\t\t\t\t\t\t\t\t\t<div class=\"qodef-m-image-holder\"><div class=\"qodef-m-image\">\n\t\t\t\t\t\t<img decoding=\"async\" src=\"https:\/\/ahporticcioli.com\/wp-content\/uploads\/2025\/07\/p1.jpg\" alt=\"\"\/>\n\t\t\t\t\t<\/div><\/div>\n\t\t\t\t\t\t\t\t\t\t\t\t\t\t\t<\/div>\n\t\t\t\t\t<div class=\"qodef-m-item swiper-slide\">\n\t\t\t\t\t\t\t\t\t<div class=\"qodef-m-image-holder\"><div class=\"qodef-m-image\">\n\t\t\t\t\t\t<img decoding=\"async\" src=\"https:\/\/ahporticcioli.com\/wp-content\/uploads\/2025\/07\/p8.jpg\" alt=\"\"\/>\n\t\t\t\t\t<\/div><\/div>\n\t\t\t\t\t\t\t\t\t\t\t\t\t\t\t<\/div>\n\t\t\t\t\t<div class=\"qodef-m-item swiper-slide\">\n\t\t\t\t\t\t\t\t\t<div class=\"qodef-m-image-holder\"><div class=\"qodef-m-image\">\n\t\t\t\t\t\t<img decoding=\"async\" src=\"https:\/\/ahporticcioli.com\/wp-content\/uploads\/2025\/07\/p2.jpg\" alt=\"\"\/>\n\t\t\t\t\t<\/div><\/div>\n\t\t\t\t\t\t\t\t\t\t\t\t\t\t\t<\/div>\n\t\t\t\t\t<div class=\"qodef-m-item swiper-slide\">\n\t\t\t\t\t\t\t\t\t<div class=\"qodef-m-image-holder\"><div class=\"qodef-m-image\">\n\t\t\t\t\t\t<img decoding=\"async\" src=\"https:\/\/ahporticcioli.com\/wp-content\/uploads\/2025\/07\/p11.jpg\" alt=\"\"\/>\n\t\t\t\t\t<\/div><\/div>\n\t\t\t\t\t\t\t\t\t\t\t\t\t\t\t<\/div>\n\t\t\t\t\t<div class=\"qodef-m-item swiper-slide\">\n\t\t\t\t\t\t\t\t\t<div class=\"qodef-m-image-holder\"><div class=\"qodef-m-image\">\n\t\t\t\t\t\t<img decoding=\"async\" src=\"https:\/\/ahporticcioli.com\/wp-content\/uploads\/2025\/07\/p3.jpg\" alt=\"\"\/>\n\t\t\t\t\t<\/div><\/div>\n\t\t\t\t\t\t\t\t\t\t\t\t\t\t\t<\/div>\n\t\t\t\t\t<div class=\"qodef-m-item swiper-slide\">\n\t\t\t\t\t\t\t\t\t<div class=\"qodef-m-image-holder\"><div class=\"qodef-m-image\">\n\t\t\t\t\t\t<img decoding=\"async\" src=\"https:\/\/ahporticcioli.com\/wp-content\/uploads\/2025\/07\/p4.jpg\" alt=\"\"\/>\n\t\t\t\t\t<\/div><\/div>\n\t\t\t\t\t\t\t\t\t\t\t\t\t\t\t<\/div>\n\t\t\t<\/div>\n\t\t<div class=\"swiper-pagination\"><\/div><\/div>\t\t<\/div>\n\t\t\t\t<\/div>\n\t\t\t\t<div class=\"elementor-element elementor-element-80be75f elementor-widget elementor-widget-spacer\" data-id=\"80be75f\" data-element_type=\"widget\" data-widget_type=\"spacer.default\">\n\t\t\t\t<div class=\"elementor-widget-container\">\n\t\t\t\t\t<div class=\"elementor-spacer\">\n\t\t\t<div class=\"elementor-spacer-inner\"><\/div>\n\t\t<\/div>\n\t\t\t\t<\/div>\n\t\t\t\t<\/div>\n\t\t\t\t\t<\/div>\n\t\t<\/div>\n\t\t\t\t\t<\/div>\n\t\t<\/div>\n\t\t\t\t<section class=\"elementor-section elementor-top-section elementor-element elementor-element-78bdf4d elementor-section-boxed elementor-section-height-default elementor-section-height-default qodef-elementor-content-no\" data-id=\"78bdf4d\" data-element_type=\"section\">\n\t\t\t\t\t\t<div class=\"elementor-container elementor-column-gap-default\">\n\t\t\t\t\t<div class=\"elementor-column elementor-col-100 elementor-top-column elementor-element elementor-element-304a3ac\" data-id=\"304a3ac\" data-element_type=\"column\">\n\t\t\t<div class=\"elementor-widget-wrap elementor-element-populated\">\n\t\t\t\t\t\t<div class=\"elementor-element elementor-element-29a5230 elementor-widget elementor-widget-image\" data-id=\"29a5230\" data-element_type=\"widget\" data-widget_type=\"image.default\">\n\t\t\t\t<div class=\"elementor-widget-container\">\n\t\t\t\t\t\t\t\t\t\t\t\t\t<img decoding=\"async\" width=\"1316\" height=\"759\" src=\"https:\/\/ahporticcioli.com\/wp-content\/uploads\/2025\/07\/ristorante-porticcioli-garda-1.jpg\" class=\"attachment-full size-full wp-image-18189\" alt=\"\" srcset=\"https:\/\/ahporticcioli.com\/wp-content\/uploads\/2025\/07\/ristorante-porticcioli-garda-1.jpg 1316w, https:\/\/ahporticcioli.com\/wp-content\/uploads\/2025\/07\/ristorante-porticcioli-garda-1-300x173.jpg 300w, https:\/\/ahporticcioli.com\/wp-content\/uploads\/2025\/07\/ristorante-porticcioli-garda-1-1024x591.jpg 1024w, https:\/\/ahporticcioli.com\/wp-content\/uploads\/2025\/07\/ristorante-porticcioli-garda-1-768x443.jpg 768w\" sizes=\"(max-width: 1316px) 100vw, 1316px\" \/>\t\t\t\t\t\t\t\t\t\t\t\t\t<\/div>\n\t\t\t\t<\/div>\n\t\t\t\t\t<\/div>\n\t\t<\/div>\n\t\t\t\t\t<\/div>\n\t\t<\/section>\n\t\t\t\t<section class=\"elementor-section elementor-top-section elementor-element elementor-element-d0a03fb elementor-section-boxed elementor-section-height-default elementor-section-height-default qodef-elementor-content-no\" data-id=\"d0a03fb\" data-element_type=\"section\">\n\t\t\t\t\t\t<div class=\"elementor-container elementor-column-gap-default\">\n\t\t\t\t\t<div class=\"elementor-column elementor-col-50 elementor-top-column elementor-element elementor-element-b21d64a\" data-id=\"b21d64a\" data-element_type=\"column\">\n\t\t\t<div class=\"elementor-widget-wrap elementor-element-populated\">\n\t\t\t\t\t\t<div class=\"elementor-element elementor-element-bed2637 elementor-widget elementor-widget-image\" data-id=\"bed2637\" data-element_type=\"widget\" data-widget_type=\"image.default\">\n\t\t\t\t<div class=\"elementor-widget-container\">\n\t\t\t\t\t\t\t\t\t\t\t\t\t<img loading=\"lazy\" decoding=\"async\" width=\"635\" height=\"750\" src=\"https:\/\/ahporticcioli.com\/wp-content\/uploads\/2025\/07\/p7.jpg\" class=\"attachment-large size-large wp-image-17702\" alt=\"\" srcset=\"https:\/\/ahporticcioli.com\/wp-content\/uploads\/2025\/07\/p7.jpg 635w, https:\/\/ahporticcioli.com\/wp-content\/uploads\/2025\/07\/p7-254x300.jpg 254w\" sizes=\"(max-width: 635px) 100vw, 635px\" \/>\t\t\t\t\t\t\t\t\t\t\t\t\t<\/div>\n\t\t\t\t<\/div>\n\t\t\t\t\t<\/div>\n\t\t<\/div>\n\t\t\t\t<div class=\"elementor-column elementor-col-50 elementor-top-column elementor-element elementor-element-b545915\" data-id=\"b545915\" data-element_type=\"column\">\n\t\t\t<div class=\"elementor-widget-wrap elementor-element-populated\">\n\t\t\t\t\t\t<div class=\"elementor-element elementor-element-b1220fb elementor-widget elementor-widget-image\" data-id=\"b1220fb\" data-element_type=\"widget\" data-widget_type=\"image.default\">\n\t\t\t\t<div class=\"elementor-widget-container\">\n\t\t\t\t\t\t\t\t\t\t\t\t\t<img loading=\"lazy\" decoding=\"async\" width=\"635\" height=\"750\" src=\"https:\/\/ahporticcioli.com\/wp-content\/uploads\/2025\/07\/p6.jpg\" class=\"attachment-large size-large wp-image-17695\" alt=\"\" srcset=\"https:\/\/ahporticcioli.com\/wp-content\/uploads\/2025\/07\/p6.jpg 635w, https:\/\/ahporticcioli.com\/wp-content\/uploads\/2025\/07\/p6-254x300.jpg 254w\" sizes=\"(max-width: 635px) 100vw, 635px\" \/>\t\t\t\t\t\t\t\t\t\t\t\t\t<\/div>\n\t\t\t\t<\/div>\n\t\t\t\t\t<\/div>\n\t\t<\/div>\n\t\t\t\t\t<\/div>\n\t\t<\/section>\n\t\t\t\t<section class=\"elementor-section elementor-top-section elementor-element elementor-element-13d8611 elementor-section-full_width elementor-section-stretched elementor-section-height-default elementor-section-height-default qodef-elementor-content-no\" data-id=\"13d8611\" data-element_type=\"section\" data-settings=\"{&quot;stretch_section&quot;:&quot;section-stretched&quot;,&quot;background_background&quot;:&quot;classic&quot;}\">\n\t\t\t\t\t\t<div class=\"elementor-container elementor-column-gap-default\">\n\t\t\t\t\t<div class=\"elementor-column elementor-col-100 elementor-top-column elementor-element elementor-element-51f2ff4\" data-id=\"51f2ff4\" data-element_type=\"column\">\n\t\t\t<div class=\"elementor-widget-wrap elementor-element-populated\">\n\t\t\t\t\t\t<div class=\"elementor-element elementor-element-a0ddf7c elementor-widget elementor-widget-image\" data-id=\"a0ddf7c\" data-element_type=\"widget\" data-widget_type=\"image.default\">\n\t\t\t\t<div class=\"elementor-widget-container\">\n\t\t\t\t\t\t\t\t\t\t\t\t\t<img decoding=\"async\" width=\"40\" height=\"18\" src=\"https:\/\/ahporticcioli.com\/wp-content\/uploads\/2021\/04\/logo-ah.png\" class=\"attachment-large size-large wp-image-2727\" alt=\"\" \/>\t\t\t\t\t\t\t\t\t\t\t\t\t<\/div>\n\t\t\t\t<\/div>\n\t\t\t\t<div class=\"elementor-element elementor-element-cea3967 elementor-widget elementor-widget-heading\" data-id=\"cea3967\" data-element_type=\"widget\" data-widget_type=\"heading.default\">\n\t\t\t\t<div class=\"elementor-widget-container\">\n\t\t\t<h2 class=\"elementor-heading-title elementor-size-default\">Abonnieren Sie den Ah Porticcioli Newsletter<\/h2>\t\t<\/div>\n\t\t\t\t<\/div>\n\t\t\t\t<div class=\"elementor-element elementor-element-f607273 elementor-widget elementor-widget-text-editor\" data-id=\"f607273\" data-element_type=\"widget\" data-widget_type=\"text-editor.default\">\n\t\t\t\t<div class=\"elementor-widget-container\">\n\t\t\t\t\t\t\t<p style=\"text-align: center;\">Bleiben Sie \u00fcber unsere exklusiven Angebote auf dem Laufenden<\/p>\t\t\t\t\t\t<\/div>\n\t\t\t\t<\/div>\n\t\t\t\t<div class=\"elementor-element elementor-element-3f0a160 elementor-mobile-align-center elementor-align-center elementor-widget elementor-widget-button\" data-id=\"3f0a160\" data-element_type=\"widget\" data-widget_type=\"button.default\">\n\t\t\t\t<div class=\"elementor-widget-container\">\n\t\t\t\t\t<div class=\"elementor-button-wrapper\">\n\t\t\t<a class=\"elementor-button elementor-button-link elementor-size-sm\" href=\"#elementor-action%3Aaction%3Dpopup%3Aopen%26settings%3DeyJpZCI6NzU1MiwidG9nZ2xlIjpmYWxzZX0%3D\">\n\t\t\t\t\t\t<span class=\"elementor-button-content-wrapper\">\n\t\t\t\t\t\t<span class=\"elementor-button-text\">ABONNIEREN<\/span>\n\t\t<\/span>\n\t\t\t\t\t<\/a>\n\t\t<\/div>\n\t\t\t\t<\/div>\n\t\t\t\t<\/div>\n\t\t\t\t\t<\/div>\n\t\t<\/div>\n\t\t\t\t\t<\/div>\n\t\t<\/section>\n\t\t\t\t<\/div>\n\t\t","protected":false},"excerpt":{"rendered":"<p>Restaurant Porticcioli Garda Ein wahrhaft privilegierter Ort mit einem atemberaubenden Panorama erwartet Sie in Porticcioli Garda: Kommen Sie und entdecken Sie diese bezaubernde Oase der Entspannung und g\u00f6nnen Sie sich einen Moment nur f\u00fcr sich und wen auch immer Sie wollen. Seespezialit\u00e4ten, Crudit\u00e9s mit Meeresfr\u00fcchten, k\u00f6stliche Vorspeisen, exzellente Fleisch- und Fischgerichte und vieles mehr f\u00fcr [&hellip;]<\/p>\n","protected":false},"author":3,"featured_media":0,"parent":0,"menu_order":0,"comment_status":"closed","ping_status":"closed","template":"","meta":{"inline_featured_image":false,"footnotes":""},"class_list":["post-11793","page","type-page","status-publish","hentry"],"_links":{"self":[{"href":"https:\/\/ahporticcioli.com\/de\/wp-json\/wp\/v2\/pages\/11793"}],"collection":[{"href":"https:\/\/ahporticcioli.com\/de\/wp-json\/wp\/v2\/pages"}],"about":[{"href":"https:\/\/ahporticcioli.com\/de\/wp-json\/wp\/v2\/types\/page"}],"author":[{"embeddable":true,"href":"https:\/\/ahporticcioli.com\/de\/wp-json\/wp\/v2\/users\/3"}],"replies":[{"embeddable":true,"href":"https:\/\/ahporticcioli.com\/de\/wp-json\/wp\/v2\/comments?post=11793"}],"version-history":[{"count":102,"href":"https:\/\/ahporticcioli.com\/de\/wp-json\/wp\/v2\/pages\/11793\/revisions"}],"predecessor-version":[{"id":18296,"href":"https:\/\/ahporticcioli.com\/de\/wp-json\/wp\/v2\/pages\/11793\/revisions\/18296"}],"wp:attachment":[{"href":"https:\/\/ahporticcioli.com\/de\/wp-json\/wp\/v2\/media?parent=11793"}],"curies":[{"name":"wp","href":"https:\/\/api.w.org\/{rel}","templated":true}]}}